{"id":997,"date":"2025-04-16T14:42:53","date_gmt":"2025-04-16T14:42:53","guid":{"rendered":"https:\/\/lafabrick.ch\/?post_type=product&#038;p=997"},"modified":"2025-09-20T08:08:55","modified_gmt":"2025-09-20T08:08:55","slug":"apricotine","status":"publish","type":"product","link":"https:\/\/lafabrick.ch\/de\/produkt\/apricotine\/","title":{"rendered":"Aprikotinium"},"content":{"rendered":"<h5>Aprikotin \u2013 BLAKROW<\/h5>\n<p>Entdecken Sie den Bestseller \u201eL&#039;apricotine\u201c aus der V-TWIN-Reihe von BLAKROW. Ein Aprikosenaroma, verst\u00e4rkt durch einen Hauch von Kaktus und Vanille, das eine Note von kaum reifen, frisch gepfl\u00fcckten Sommerfr\u00fcchten erzeugt.<\/p>\n<h5>Geschmacksrichtungen<\/h5>\n<ul>\n<li>Reichhaltige Aprikose: Die Reichhaltigkeit der Aprikose dominiert das Geschmackserlebnis.<\/li>\n<li>Exotischer Kaktus: Eine exotische Note, die f\u00fcr eine \u00fcberraschende Note sorgt.<\/li>\n<li>Creamy Vanilla: Die cremige S\u00fc\u00dfe der Vanille f\u00fcr einen perfekten Abschluss.<\/li>\n<\/ul>\n<p data-start=\"590\" data-end=\"614\"><strong data-start=\"590\" data-end=\"612\">Merkmale :<\/strong><\/p>\n<ul data-start=\"615\" data-end=\"738\">\n<li data-start=\"615\" data-end=\"633\">Flasche: 75 ml<\/li>\n<li data-start=\"634\" data-end=\"677\">Fassungsverm\u00f6gen: 50 ml<\/li>\n<li data-start=\"678\" data-end=\"698\">Basis: 50PG\/50VG<\/li>\n<\/ul>","protected":false},"excerpt":{"rendered":"<h5>Sommer-Bestseller<\/h5>\n<p>\u201eApricotine\u201c von BLAKROW, ein Bestseller der V-TWIN-Reihe, bietet ein unvergleichliches Sommererlebnis. Tauchen Sie ein in die F\u00fclle der Aprikose, die exotische Note von Kaktus und die cremige S\u00fc\u00dfe von Vanille und erzeugen Sie mit jedem Zug ein Aroma von kaum reifen, frisch gepfl\u00fcckten Sommerfr\u00fcchten.<\/p>","protected":false},"featured_media":998,"comment_status":"closed","ping_status":"closed","template":"","meta":[],"product_brand":[39,65],"product_cat":[19,16,18],"product_tag":[53,74,99,68,48,70],"class_list":{"0":"post-997","1":"product","2":"type-product","3":"status-publish","4":"has-post-thumbnail","6":"product_brand-blakrow","7":"product_brand-v-twin","8":"product_cat-50ml-shortfill","9":"product_cat-e-liquide","10":"product_cat-sans-nicotine","11":"product_tag-50-ml","12":"product_tag-50-50","13":"product_tag-abricot","14":"product_tag-blakrow","15":"product_tag-fruite","16":"product_tag-sans-nicotine","18":"first","19":"instock","20":"taxable","21":"shipping-taxable","22":"purchasable","23":"product-type-simple"},"jetpack_sharing_enabled":true,"_links":{"self":[{"href":"https:\/\/lafabrick.ch\/de\/wp-json\/wp\/v2\/product\/997","targetHints":{"allow":["GET"]}}],"collection":[{"href":"https:\/\/lafabrick.ch\/de\/wp-json\/wp\/v2\/product"}],"about":[{"href":"https:\/\/lafabrick.ch\/de\/wp-json\/wp\/v2\/types\/product"}],"replies":[{"embeddable":true,"href":"https:\/\/lafabrick.ch\/de\/wp-json\/wp\/v2\/comments?post=997"}],"wp:featuredmedia":[{"embeddable":true,"href":"https:\/\/lafabrick.ch\/de\/wp-json\/wp\/v2\/media\/998"}],"wp:attachment":[{"href":"https:\/\/lafabrick.ch\/de\/wp-json\/wp\/v2\/media?parent=997"}],"wp:term":[{"taxonomy":"product_brand","embeddable":true,"href":"https:\/\/lafabrick.ch\/de\/wp-json\/wp\/v2\/product_brand?post=997"},{"taxonomy":"product_cat","embeddable":true,"href":"https:\/\/lafabrick.ch\/de\/wp-json\/wp\/v2\/product_cat?post=997"},{"taxonomy":"product_tag","embeddable":true,"href":"https:\/\/lafabrick.ch\/de\/wp-json\/wp\/v2\/product_tag?post=997"}],"curies":[{"name":"wp","href":"https:\/\/api.w.org\/{rel}","templated":true}]}}