{"id":994,"date":"2025-04-16T14:32:30","date_gmt":"2025-04-16T14:32:30","guid":{"rendered":"https:\/\/lafabrick.ch\/?post_type=product&#038;p=994"},"modified":"2025-09-20T08:09:46","modified_gmt":"2025-09-20T08:09:46","slug":"macchato","status":"publish","type":"product","link":"https:\/\/lafabrick.ch\/de\/produkt\/macchato\/","title":{"rendered":"Macchiato"},"content":{"rendered":"<h5>Macchiato \u2013 BLAKROW<\/h5>\n<p>Entdecken Sie den Bestseller \u201eMacchiato\u201c aus der V-Twin-Reihe von BLAKROW. Ein cremiger Kaffee mit starkem Haselnuss- und Karamellgeschmack. Mehr als ein s\u00fcchtig machender Saft l\u00e4sst sich kaum sagen.<\/p>\n<h5>Geschmacksrichtungen<\/h5>\n<ul>\n<li>Cremiger Kaffee: Die Sanftheit des Kaffees, die die Geschmacksknospen umh\u00fcllt.<\/li>\n<li>Haselnuss-Gourmet: Die ausgepr\u00e4gte Pr\u00e4senz der Haselnuss verleiht eine k\u00f6stliche Note.<\/li>\n<li>S\u00fc\u00dfes Karamell: Die S\u00fc\u00dfe des Karamells erg\u00e4nzt die Komposition perfekt.<\/li>\n<\/ul>\n<p data-start=\"382\" data-end=\"588\">Angeboten im Format <strong data-start=\"400\" data-end=\"409\">75 ml<\/strong>, mit <strong data-start=\"416\" data-end=\"449\">50 ml dampffertige Fl\u00fcssigkeit<\/strong> in 50PG\/50VG-Basis, einfach hinzuf\u00fcgen zu <strong data-start=\"497\" data-end=\"517\">20 ml Booster<\/strong> um den Nikotingehalt entsprechend den Vorlieben Ihrer Kunden anzupassen.<\/p>\n<p data-start=\"590\" data-end=\"614\"><strong data-start=\"590\" data-end=\"612\">Merkmale :<\/strong><\/p>\n<ul data-start=\"615\" data-end=\"738\">\n<li data-start=\"615\" data-end=\"633\">Flasche: 75 ml<\/li>\n<li data-start=\"634\" data-end=\"677\">Fassungsverm\u00f6gen: 50 ml<\/li>\n<li data-start=\"678\" data-end=\"698\">Basis: 50PG\/50VG<\/li>\n<\/ul>","protected":false},"excerpt":{"rendered":"<h5>Der Bestseller dieser Marke ist ein cremiger Kaffee mit deutlichen Haselnuss- und Karamellnoten. Mehr kann man dazu kaum sagen, au\u00dfer dass es ein sehr s\u00fcchtig machender Saft ist.<\/h5>\n<p>Entdecken Sie den Bestseller \u201eMacchiato\u201c aus der V-Twin-Reihe von BLAKROW. Ein cremiger Kaffee mit starkem Haselnuss- und Karamellgeschmack. Mehr als ein s\u00fcchtig machender Saft l\u00e4sst sich kaum sagen.<\/p>\n<p><strong data-start=\"231\" data-end=\"289\">Dieses Produkt wird nur in Packungen mit 6 Flaschen verkauft.<\/strong><br data-start=\"289\" data-end=\"292\" \/>Der angezeigte Preis entspricht einer Flasche (Einheit).<\/p>","protected":false},"featured_media":995,"comment_status":"closed","ping_status":"closed","template":"","meta":[],"product_brand":[39,65],"product_cat":[19,16,18,67],"product_tag":[53,74,68,100,101,49,102,70],"class_list":{"0":"post-994","1":"product","2":"type-product","3":"status-publish","4":"has-post-thumbnail","6":"product_brand-blakrow","7":"product_brand-v-twin","8":"product_cat-50ml-shortfill","9":"product_cat-e-liquide","10":"product_cat-sans-nicotine","11":"product_cat-shortfill","12":"product_tag-50-ml","13":"product_tag-50-50","14":"product_tag-blakrow","15":"product_tag-cafe","16":"product_tag-caramel","17":"product_tag-gourmand","18":"product_tag-noisette","19":"product_tag-sans-nicotine","21":"first","22":"instock","23":"taxable","24":"shipping-taxable","25":"purchasable","26":"product-type-simple"},"jetpack_sharing_enabled":true,"_links":{"self":[{"href":"https:\/\/lafabrick.ch\/de\/wp-json\/wp\/v2\/product\/994","targetHints":{"allow":["GET"]}}],"collection":[{"href":"https:\/\/lafabrick.ch\/de\/wp-json\/wp\/v2\/product"}],"about":[{"href":"https:\/\/lafabrick.ch\/de\/wp-json\/wp\/v2\/types\/product"}],"replies":[{"embeddable":true,"href":"https:\/\/lafabrick.ch\/de\/wp-json\/wp\/v2\/comments?post=994"}],"wp:featuredmedia":[{"embeddable":true,"href":"https:\/\/lafabrick.ch\/de\/wp-json\/wp\/v2\/media\/995"}],"wp:attachment":[{"href":"https:\/\/lafabrick.ch\/de\/wp-json\/wp\/v2\/media?parent=994"}],"wp:term":[{"taxonomy":"product_brand","embeddable":true,"href":"https:\/\/lafabrick.ch\/de\/wp-json\/wp\/v2\/product_brand?post=994"},{"taxonomy":"product_cat","embeddable":true,"href":"https:\/\/lafabrick.ch\/de\/wp-json\/wp\/v2\/product_cat?post=994"},{"taxonomy":"product_tag","embeddable":true,"href":"https:\/\/lafabrick.ch\/de\/wp-json\/wp\/v2\/product_tag?post=994"}],"curies":[{"name":"wp","href":"https:\/\/api.w.org\/{rel}","templated":true}]}}