{"id":802,"date":"2025-04-10T07:21:54","date_gmt":"2025-04-10T07:21:54","guid":{"rendered":"https:\/\/lafabrick.ch\/?post_type=product&#038;p=802"},"modified":"2025-09-17T12:38:04","modified_gmt":"2025-09-17T12:38:04","slug":"pineapple-longfill","status":"publish","type":"product","link":"https:\/\/lafabrick.ch\/de\/produkt\/pineapple-longfill\/","title":{"rendered":"RATED X \u2013 Ananas Longfill"},"content":{"rendered":"<p data-start=\"55\" data-end=\"353\"><strong data-start=\"55\" data-end=\"90\">ANANAS \u2013 BEWERTUNG X<\/strong><br data-start=\"90\" data-end=\"93\" \/>Entdecken Sie die pure Essenz der Exotik mit der \u201eAnanas\u201c der Marke <strong>BEWERTET X<\/strong> von <strong>BLAKROW<\/strong>Ein Geschmackserlebnis, das die Frische und Einfachheit reifer Ananas einf\u00e4ngt.<\/p>\n<p data-start=\"355\" data-end=\"558\">Angeboten im Format <strong data-start=\"373\" data-end=\"385\">Longfill<\/strong> Container <strong data-start=\"396\" data-end=\"414\">20 ml Aromen<\/strong>, erm\u00f6glicht es Ihnen, den Nikotingehalt einfach anzupassen, indem Sie bis zu <strong data-start=\"487\" data-end=\"518\">50 ml Booster oder Base<\/strong> entsprechend den Benutzereinstellungen.<\/p>\n<p data-start=\"560\" data-end=\"584\"><strong data-start=\"560\" data-end=\"582\">Merkmale :<\/strong><\/p>\n<ul data-start=\"585\" data-end=\"685\">\n<li data-start=\"585\" data-end=\"603\">Flasche: 75 ml<\/li>\n<li data-start=\"604\" data-end=\"631\">Konzentriertes Aroma: 20 ml<\/li>\n<li data-start=\"632\" data-end=\"645\">Basis: PG<\/li>\n<\/ul>","protected":false},"excerpt":{"rendered":"<p><strong data-start=\"55\" data-end=\"164\">Entdecken Sie den authentischen Geschmack reifer Ananas neu.<\/strong> Ein Aromenkonzentrat zum Verd\u00fcnnen, das ein einzigartiges und k\u00f6stliches Geschmackserlebnis bietet, ideal f\u00fcr Ihre Kunden, die nach intensiver Frische und eisgek\u00fchltem Genuss suchen.<\/p>","protected":false},"featured_media":803,"comment_status":"closed","ping_status":"closed","template":"","meta":[],"product_brand":[40],"product_cat":[38,18],"product_tag":[86,52,82,70],"class_list":{"0":"post-802","1":"product","2":"type-product","3":"status-publish","4":"has-post-thumbnail","6":"product_brand-rated-x","7":"product_cat-10-20ml-longfill","8":"product_cat-sans-nicotine","9":"product_tag-ananas","10":"product_tag-longfill","11":"product_tag-rated-x","12":"product_tag-sans-nicotine","14":"first","15":"instock","16":"taxable","17":"shipping-taxable","18":"purchasable","19":"product-type-simple"},"jetpack_sharing_enabled":true,"_links":{"self":[{"href":"https:\/\/lafabrick.ch\/de\/wp-json\/wp\/v2\/product\/802","targetHints":{"allow":["GET"]}}],"collection":[{"href":"https:\/\/lafabrick.ch\/de\/wp-json\/wp\/v2\/product"}],"about":[{"href":"https:\/\/lafabrick.ch\/de\/wp-json\/wp\/v2\/types\/product"}],"replies":[{"embeddable":true,"href":"https:\/\/lafabrick.ch\/de\/wp-json\/wp\/v2\/comments?post=802"}],"wp:featuredmedia":[{"embeddable":true,"href":"https:\/\/lafabrick.ch\/de\/wp-json\/wp\/v2\/media\/803"}],"wp:attachment":[{"href":"https:\/\/lafabrick.ch\/de\/wp-json\/wp\/v2\/media?parent=802"}],"wp:term":[{"taxonomy":"product_brand","embeddable":true,"href":"https:\/\/lafabrick.ch\/de\/wp-json\/wp\/v2\/product_brand?post=802"},{"taxonomy":"product_cat","embeddable":true,"href":"https:\/\/lafabrick.ch\/de\/wp-json\/wp\/v2\/product_cat?post=802"},{"taxonomy":"product_tag","embeddable":true,"href":"https:\/\/lafabrick.ch\/de\/wp-json\/wp\/v2\/product_tag?post=802"}],"curies":[{"name":"wp","href":"https:\/\/api.w.org\/{rel}","templated":true}]}}