{"id":415,"date":"2025-03-10T12:43:52","date_gmt":"2025-03-10T12:43:52","guid":{"rendered":"https:\/\/lafabrick.ch\/?post_type=product&#038;p=415"},"modified":"2025-09-18T06:41:40","modified_gmt":"2025-09-18T06:41:40","slug":"classic-maryland","status":"publish","type":"product","link":"https:\/\/lafabrick.ch\/de\/produkt\/classic-maryland\/","title":{"rendered":"Klassisches Maryland"},"content":{"rendered":"<p data-start=\"82\" data-end=\"287\"><strong data-start=\"82\" data-end=\"113\">Klassisches Maryland \u2013 Blackrow<\/strong><br data-start=\"113\" data-end=\"116\" \/>Bieten Sie Ihren Kunden die Authentizit\u00e4t von <strong data-start=\"155\" data-end=\"177\">ger\u00f6steter blonder Tabak<\/strong> von <strong data-start=\"181\" data-end=\"193\">Maryland<\/strong>, ein reiches und zartes Aroma, das Liebhaber s\u00fc\u00dfer Aromen aus dem Norden der USA ansprechen wird.<\/p>\n<p data-start=\"289\" data-end=\"304\"><strong data-start=\"289\" data-end=\"302\">Geschmacksrichtungen:<\/strong><\/p>\n<ul data-start=\"305\" data-end=\"507\">\n<li data-start=\"305\" data-end=\"399\"><strong data-start=\"307\" data-end=\"334\">Maryland Blond Tabak<\/strong> : Eine aromatische F\u00fclle, die an weite Tabakfelder erinnert.<\/li>\n<li data-start=\"400\" data-end=\"507\"><strong data-start=\"402\" data-end=\"421\">N\u00f6rdliche S\u00fc\u00dfe<\/strong> : Ein subtil ger\u00f6stetes Erlebnis, perfekt f\u00fcr Gaumen, die S\u00fc\u00dfe suchen.<\/li>\n<\/ul>\n<p data-start=\"509\" data-end=\"828\"><strong data-start=\"509\" data-end=\"536\">Nordamerikanische S\u00fc\u00dfe<\/strong><br data-start=\"536\" data-end=\"539\" \/><strong data-start=\"539\" data-end=\"559\">Klassisches Maryland<\/strong> von <strong data-start=\"563\" data-end=\"574\">BLAKROW<\/strong> f\u00e4ngt die wahre Essenz von blondem Tabak ein <strong data-start=\"616\" data-end=\"628\">Maryland<\/strong>und bietet ein sanftes und raffiniertes Erlebnis. Jeder Zug versetzt Sie in die Landschaften der n\u00f6rdlichen Vereinigten Staaten, wo der Tabak sorgf\u00e4ltig angebaut wird, um einen unvergleichlichen aromatischen Reichtum zu bieten.<\/p>\n<p data-start=\"830\" data-end=\"1057\">Angeboten im Format <strong data-start=\"848\" data-end=\"861\">Shortfill<\/strong> von <strong data-start=\"865\" data-end=\"874\">75 ml<\/strong>, mit <strong data-start=\"881\" data-end=\"914\">50 ml dampffertige Fl\u00fcssigkeit<\/strong> in der Basis <strong data-start=\"923\" data-end=\"936\">50PG\/50VG<\/strong>, addieren Sie einfach zu <strong data-start=\"966\" data-end=\"986\">20 ml Booster<\/strong> um den Nikotingehalt entsprechend den Vorlieben Ihrer Kunden anzupassen.<\/p>\n<p data-start=\"1059\" data-end=\"1083\"><strong data-start=\"1059\" data-end=\"1081\">Merkmale :<\/strong><\/p>\n<ul data-start=\"1084\" data-end=\"1207\">\n<li data-start=\"1084\" data-end=\"1102\">Flasche: 75 ml<\/li>\n<li data-start=\"1103\" data-end=\"1146\">Fassungsverm\u00f6gen der dampffertigen Fl\u00fcssigkeit: 50 ml<\/li>\n<li data-start=\"1147\" data-end=\"1167\">Basis: 50PG\/50VG<\/li>\n<\/ul>","protected":false},"excerpt":{"rendered":"<p>Ein sanftes und raffiniertes Erlebnis mit den Aromen von ger\u00f6stetem blondem Maryland-Tabak. Perfekt f\u00fcr alle, die einen authentischen und dezent ger\u00f6steten Geschmack suchen.<\/p>","protected":false},"featured_media":416,"comment_status":"closed","ping_status":"closed","template":"","meta":[],"product_brand":[39,72],"product_cat":[19,16,18,67],"product_tag":[],"class_list":{"0":"post-415","1":"product","2":"type-product","3":"status-publish","4":"has-post-thumbnail","6":"product_brand-blakrow","7":"product_brand-classic","8":"product_cat-50ml-shortfill","9":"product_cat-e-liquide","10":"product_cat-sans-nicotine","11":"product_cat-shortfill","13":"first","14":"instock","15":"featured","16":"taxable","17":"shipping-taxable","18":"purchasable","19":"product-type-simple"},"jetpack_sharing_enabled":true,"_links":{"self":[{"href":"https:\/\/lafabrick.ch\/de\/wp-json\/wp\/v2\/product\/415","targetHints":{"allow":["GET"]}}],"collection":[{"href":"https:\/\/lafabrick.ch\/de\/wp-json\/wp\/v2\/product"}],"about":[{"href":"https:\/\/lafabrick.ch\/de\/wp-json\/wp\/v2\/types\/product"}],"replies":[{"embeddable":true,"href":"https:\/\/lafabrick.ch\/de\/wp-json\/wp\/v2\/comments?post=415"}],"wp:featuredmedia":[{"embeddable":true,"href":"https:\/\/lafabrick.ch\/de\/wp-json\/wp\/v2\/media\/416"}],"wp:attachment":[{"href":"https:\/\/lafabrick.ch\/de\/wp-json\/wp\/v2\/media?parent=415"}],"wp:term":[{"taxonomy":"product_brand","embeddable":true,"href":"https:\/\/lafabrick.ch\/de\/wp-json\/wp\/v2\/product_brand?post=415"},{"taxonomy":"product_cat","embeddable":true,"href":"https:\/\/lafabrick.ch\/de\/wp-json\/wp\/v2\/product_cat?post=415"},{"taxonomy":"product_tag","embeddable":true,"href":"https:\/\/lafabrick.ch\/de\/wp-json\/wp\/v2\/product_tag?post=415"}],"curies":[{"name":"wp","href":"https:\/\/api.w.org\/{rel}","templated":true}]}}