{"id":392,"date":"2024-12-12T08:10:14","date_gmt":"2024-12-12T08:10:14","guid":{"rendered":"https:\/\/lafabrick.ch\/?post_type=product&#038;p=392"},"modified":"2025-09-17T12:41:46","modified_gmt":"2025-09-17T12:41:46","slug":"peach-ice-tea-2","status":"publish","type":"product","link":"https:\/\/lafabrick.ch\/de\/produkt\/peach-ice-tea-2\/","title":{"rendered":"Pfirsich-Eistee Longfill"},"content":{"rendered":"<p data-start=\"48\" data-end=\"300\"><strong data-start=\"48\" data-end=\"78\">Pfirsich-Eistee \u2013 Blackrow<\/strong><br data-start=\"78\" data-end=\"81\" \/>Bieten Sie Ihren Kunden einen authentischen Geschmack mit der Pfirsich-Version des ber\u00fchmten\u00a0<strong data-start=\"155\" data-end=\"168\">Eistee<\/strong>, erneut besucht von\u00a0<strong data-start=\"183\" data-end=\"195\">Blackrow<\/strong>Dieses Aromenkonzentrat l\u00e4sst Sie die ganze Frische und Intensit\u00e4t dieses legend\u00e4ren Eistees neu entdecken.<\/p>\n<p data-start=\"302\" data-end=\"505\">Angeboten im Format\u00a0<strong data-start=\"320\" data-end=\"332\">Longfill<\/strong>\u00a0Container\u00a0<strong data-start=\"343\" data-end=\"361\">20 ml Aromen<\/strong>, erm\u00f6glicht es Ihnen, den Nikotingehalt einfach anzupassen, indem Sie bis zu\u00a0<strong data-start=\"434\" data-end=\"465\">50 ml Booster oder Base<\/strong>\u00a0entsprechend den Benutzereinstellungen.<\/p>\n<p><strong>Merkmale :<\/strong><\/p>\n<ul>\n<li><strong>Flasche:<\/strong> 75 ml<\/li>\n<li><strong>Konzentriertes Aroma:<\/strong> 20 ml<\/li>\n<li><strong>Basis:<\/strong> PG<\/li>\n<\/ul>\n<blockquote><p><strong>Aufmerksamkeit<\/strong> : Dies ist ein Aromakonzentrat. Bitte verd\u00fcnnen Sie es mit <strong data-start=\"136\" data-end=\"164\">mindestens 30 ml Base<\/strong>, vorzugsweise in <strong data-start=\"183\" data-end=\"198\">30\/70 PG\/VG<\/strong>.<\/p><\/blockquote>","protected":false},"excerpt":{"rendered":"<p data-start=\"48\" data-end=\"300\"><strong data-start=\"90\" data-end=\"189\">Entdecken Sie den authentischen Geschmack des legend\u00e4ren Eistees mit einer erfrischenden Pfirsichnote neu.<\/strong> Ein Aromenkonzentrat zum Verd\u00fcnnen, das ein einzigartiges und k\u00f6stliches Geschmackserlebnis bietet, ideal f\u00fcr Ihre Kunden, die auf der Suche nach Frische und Genuss sind.<\/p>","protected":false},"featured_media":393,"comment_status":"closed","ping_status":"closed","template":"","meta":[],"product_brand":[39,65],"product_cat":[71],"product_tag":[68,69,70],"class_list":{"0":"post-392","1":"product","2":"type-product","3":"status-publish","4":"has-post-thumbnail","6":"product_brand-blakrow","7":"product_brand-v-twin","8":"product_cat-longfill","9":"product_tag-blakrow","10":"product_tag-ice-tea","11":"product_tag-sans-nicotine","13":"first","14":"instock","15":"taxable","16":"shipping-taxable","17":"purchasable","18":"product-type-simple"},"jetpack_sharing_enabled":true,"_links":{"self":[{"href":"https:\/\/lafabrick.ch\/de\/wp-json\/wp\/v2\/product\/392","targetHints":{"allow":["GET"]}}],"collection":[{"href":"https:\/\/lafabrick.ch\/de\/wp-json\/wp\/v2\/product"}],"about":[{"href":"https:\/\/lafabrick.ch\/de\/wp-json\/wp\/v2\/types\/product"}],"replies":[{"embeddable":true,"href":"https:\/\/lafabrick.ch\/de\/wp-json\/wp\/v2\/comments?post=392"}],"wp:featuredmedia":[{"embeddable":true,"href":"https:\/\/lafabrick.ch\/de\/wp-json\/wp\/v2\/media\/393"}],"wp:attachment":[{"href":"https:\/\/lafabrick.ch\/de\/wp-json\/wp\/v2\/media?parent=392"}],"wp:term":[{"taxonomy":"product_brand","embeddable":true,"href":"https:\/\/lafabrick.ch\/de\/wp-json\/wp\/v2\/product_brand?post=392"},{"taxonomy":"product_cat","embeddable":true,"href":"https:\/\/lafabrick.ch\/de\/wp-json\/wp\/v2\/product_cat?post=392"},{"taxonomy":"product_tag","embeddable":true,"href":"https:\/\/lafabrick.ch\/de\/wp-json\/wp\/v2\/product_tag?post=392"}],"curies":[{"name":"wp","href":"https:\/\/api.w.org\/{rel}","templated":true}]}}