{"id":377,"date":"2024-12-12T08:00:30","date_gmt":"2024-12-12T08:00:30","guid":{"rendered":"https:\/\/lafabrick.ch\/?post_type=product&#038;p=377"},"modified":"2025-09-17T12:46:50","modified_gmt":"2025-09-17T12:46:50","slug":"blackcurrant-ice-tea-iced","status":"publish","type":"product","link":"https:\/\/lafabrick.ch\/de\/produkt\/blackcurrant-ice-tea-iced\/","title":{"rendered":"Eistee mit schwarzen Johannisbeeren"},"content":{"rendered":"<p data-start=\"57\" data-end=\"368\"><strong data-start=\"57\" data-end=\"92\">Eistee mit schwarzen Johannisbeeren \u2013 Blakrow<\/strong><br data-start=\"92\" data-end=\"95\" \/>Bieten Sie Ihren Kunden einen authentischen Geschmack mit der Cassis ICED-Version des ber\u00fchmten <strong data-start=\"174\" data-end=\"187\">Eistee<\/strong>, erneut besucht von <strong data-start=\"202\" data-end=\"214\">Blackrow<\/strong>Mit diesem Shortfill k\u00f6nnen Sie die ganze Frische und Intensit\u00e4t dieses legend\u00e4ren Eistees neu entdecken, mit einer eisigen und erfrischenden Note, gebrauchsfertig.<\/p>\n<p data-start=\"370\" data-end=\"576\">Angeboten im Format <strong data-start=\"388\" data-end=\"397\">75 ml<\/strong>, mit <strong data-start=\"404\" data-end=\"437\">50 ml dampffertige Fl\u00fcssigkeit<\/strong> in 50PG\/50VG-Basis, einfach hinzuf\u00fcgen zu <strong data-start=\"485\" data-end=\"505\">20 ml Booster<\/strong> um den Nikotingehalt entsprechend den Vorlieben Ihrer Kunden anzupassen.<\/p>\n<p data-start=\"578\" data-end=\"602\"><strong data-start=\"578\" data-end=\"600\">Merkmale :<\/strong><\/p>\n<ul data-start=\"603\" data-end=\"726\">\n<li data-start=\"603\" data-end=\"621\">Flasche: 75 ml<\/li>\n<li data-start=\"622\" data-end=\"665\">Fassungsverm\u00f6gen der dampffertigen Fl\u00fcssigkeit: 50 ml<\/li>\n<li data-start=\"666\" data-end=\"686\">Basis: 50PG\/50VG<\/li>\n<\/ul>","protected":false},"excerpt":{"rendered":"<p><strong data-start=\"55\" data-end=\"164\">Entdecken Sie den authentischen Geschmack des legend\u00e4ren Eistees mit einer erfrischenden Note schwarzer Johannisbeere neu.<\/strong> Dieses dampffertige Shortfill bietet ein einzigartiges und k\u00f6stliches Geschmackserlebnis, ideal f\u00fcr Ihre Kunden, die auf der Suche nach Frische sind.<\/p>","protected":false},"featured_media":378,"comment_status":"closed","ping_status":"closed","template":"","meta":[],"product_brand":[39,65],"product_cat":[19,16,18,67],"product_tag":[68,69,70],"class_list":{"0":"post-377","1":"product","2":"type-product","3":"status-publish","4":"has-post-thumbnail","6":"product_brand-blakrow","7":"product_brand-v-twin","8":"product_cat-50ml-shortfill","9":"product_cat-e-liquide","10":"product_cat-sans-nicotine","11":"product_cat-shortfill","12":"product_tag-blakrow","13":"product_tag-ice-tea","14":"product_tag-sans-nicotine","16":"first","17":"instock","18":"taxable","19":"shipping-taxable","20":"purchasable","21":"product-type-simple"},"jetpack_sharing_enabled":true,"_links":{"self":[{"href":"https:\/\/lafabrick.ch\/de\/wp-json\/wp\/v2\/product\/377","targetHints":{"allow":["GET"]}}],"collection":[{"href":"https:\/\/lafabrick.ch\/de\/wp-json\/wp\/v2\/product"}],"about":[{"href":"https:\/\/lafabrick.ch\/de\/wp-json\/wp\/v2\/types\/product"}],"replies":[{"embeddable":true,"href":"https:\/\/lafabrick.ch\/de\/wp-json\/wp\/v2\/comments?post=377"}],"wp:featuredmedia":[{"embeddable":true,"href":"https:\/\/lafabrick.ch\/de\/wp-json\/wp\/v2\/media\/378"}],"wp:attachment":[{"href":"https:\/\/lafabrick.ch\/de\/wp-json\/wp\/v2\/media?parent=377"}],"wp:term":[{"taxonomy":"product_brand","embeddable":true,"href":"https:\/\/lafabrick.ch\/de\/wp-json\/wp\/v2\/product_brand?post=377"},{"taxonomy":"product_cat","embeddable":true,"href":"https:\/\/lafabrick.ch\/de\/wp-json\/wp\/v2\/product_cat?post=377"},{"taxonomy":"product_tag","embeddable":true,"href":"https:\/\/lafabrick.ch\/de\/wp-json\/wp\/v2\/product_tag?post=377"}],"curies":[{"name":"wp","href":"https:\/\/api.w.org\/{rel}","templated":true}]}}