{"id":373,"date":"2024-12-12T07:58:24","date_gmt":"2024-12-12T07:58:24","guid":{"rendered":"https:\/\/lafabrick.ch\/?post_type=product&#038;p=373"},"modified":"2025-09-18T04:52:47","modified_gmt":"2025-09-18T04:52:47","slug":"lemon-ice-tea","status":"publish","type":"product","link":"https:\/\/lafabrick.ch\/de\/produkt\/lemon-ice-tea\/","title":{"rendered":"Zitronen-Eistee"},"content":{"rendered":"<p data-start=\"120\" data-end=\"380\"><strong data-start=\"120\" data-end=\"150\">Blackrow Zitronen-Eistee<\/strong><br data-start=\"150\" data-end=\"153\" \/>Bieten Sie Ihren Kunden einen authentischen Geschmack mit der Citron-Version des ber\u00fchmten <strong data-start=\"227\" data-end=\"240\">Eistee<\/strong>, erneut besucht von <strong data-start=\"255\" data-end=\"267\">Blackrow<\/strong>Mit diesem Shortfill k\u00f6nnen Sie die ganze Frische und Intensit\u00e4t dieses legend\u00e4ren Eistees gebrauchsfertig neu entdecken.<\/p>\n<p data-start=\"382\" data-end=\"588\">Angeboten im Format <strong data-start=\"400\" data-end=\"409\">75 ml<\/strong>, mit <strong data-start=\"416\" data-end=\"449\">50 ml dampffertige Fl\u00fcssigkeit<\/strong> in 50PG\/50VG-Basis, einfach hinzuf\u00fcgen zu <strong data-start=\"497\" data-end=\"517\">20 ml Booster<\/strong> um den Nikotingehalt entsprechend den Vorlieben Ihrer Kunden anzupassen.<\/p>\n<p data-start=\"590\" data-end=\"614\"><strong data-start=\"590\" data-end=\"612\">Merkmale :<\/strong><\/p>\n<ul data-start=\"615\" data-end=\"738\">\n<li data-start=\"615\" data-end=\"633\">Flasche: 75 ml<\/li>\n<li data-start=\"634\" data-end=\"677\">Fassungsverm\u00f6gen: 50 ml<\/li>\n<li data-start=\"678\" data-end=\"698\">Basis: 50PG\/50VG<\/li>\n<\/ul>","protected":false},"excerpt":{"rendered":"<p><strong data-start=\"55\" data-end=\"164\">Entdecken Sie den authentischen Geschmack des legend\u00e4ren Eistees mit einer erfrischenden Zitronennote neu.<\/strong> Dieses dampffertige Shortfill bietet ein einzigartiges und k\u00f6stliches Geschmackserlebnis, ideal f\u00fcr Ihre Kunden, die auf der Suche nach Frische sind.<\/p>","protected":false},"featured_media":374,"comment_status":"closed","ping_status":"closed","template":"","meta":[],"product_brand":[39,65],"product_cat":[19,16,18,67],"product_tag":[68,69,70],"class_list":{"0":"post-373","1":"product","2":"type-product","3":"status-publish","4":"has-post-thumbnail","6":"product_brand-blakrow","7":"product_brand-v-twin","8":"product_cat-50ml-shortfill","9":"product_cat-e-liquide","10":"product_cat-sans-nicotine","11":"product_cat-shortfill","12":"product_tag-blakrow","13":"product_tag-ice-tea","14":"product_tag-sans-nicotine","16":"first","17":"instock","18":"featured","19":"taxable","20":"shipping-taxable","21":"purchasable","22":"product-type-simple"},"jetpack_sharing_enabled":true,"_links":{"self":[{"href":"https:\/\/lafabrick.ch\/de\/wp-json\/wp\/v2\/product\/373","targetHints":{"allow":["GET"]}}],"collection":[{"href":"https:\/\/lafabrick.ch\/de\/wp-json\/wp\/v2\/product"}],"about":[{"href":"https:\/\/lafabrick.ch\/de\/wp-json\/wp\/v2\/types\/product"}],"replies":[{"embeddable":true,"href":"https:\/\/lafabrick.ch\/de\/wp-json\/wp\/v2\/comments?post=373"}],"wp:featuredmedia":[{"embeddable":true,"href":"https:\/\/lafabrick.ch\/de\/wp-json\/wp\/v2\/media\/374"}],"wp:attachment":[{"href":"https:\/\/lafabrick.ch\/de\/wp-json\/wp\/v2\/media?parent=373"}],"wp:term":[{"taxonomy":"product_brand","embeddable":true,"href":"https:\/\/lafabrick.ch\/de\/wp-json\/wp\/v2\/product_brand?post=373"},{"taxonomy":"product_cat","embeddable":true,"href":"https:\/\/lafabrick.ch\/de\/wp-json\/wp\/v2\/product_cat?post=373"},{"taxonomy":"product_tag","embeddable":true,"href":"https:\/\/lafabrick.ch\/de\/wp-json\/wp\/v2\/product_tag?post=373"}],"curies":[{"name":"wp","href":"https:\/\/api.w.org\/{rel}","templated":true}]}}