{"id":304,"date":"2025-09-15T08:30:07","date_gmt":"2025-09-15T08:30:07","guid":{"rendered":"https:\/\/lafabrick.ch\/?post_type=product&#038;p=304"},"modified":"2026-02-07T23:20:03","modified_gmt":"2026-02-07T23:20:03","slug":"booster-nicotine-50-50","status":"publish","type":"product","link":"https:\/\/lafabrick.ch\/de\/produkt\/booster-nicotine-50-50\/","title":{"rendered":"Nikotin-Booster 50\/50 20 mg\/ml"},"content":{"rendered":"<blockquote><p>Entdecken Sie den NIC 20 mg\/ml Booster von Vapor Flavour, die perfekte Mischung aus Schweizer Handwerkskunst und modernster Technologie f\u00fcr ein unvergleichliches Dampferlebnis. Jedes Detail dieses Produkts spiegelt die Exzellenz und Strenge Schweizer Standards wider und garantiert einwandfreie Qualit\u00e4t f\u00fcr anspruchsvolle Dampfer.<\/p><\/blockquote>\n<p><strong>A <a href=\"https:\/\/blakrow.com\/nicotine-cet-ennemi-qui-vous-veut-du-bien\/\">Nikotin<\/a> von h\u00f6chster Qualit\u00e4t<\/strong><br \/>\nUnser doppelt gereinigtes Nikotin zeichnet sich durch seine au\u00dfergew\u00f6hnliche Reinheit aus. In Kombination mit einem ausgewogenen pH-Wert garantiert es ein effektives und gleichm\u00e4\u00dfiges Erlebnis ohne unerw\u00fcnschten Nachgeschmack oder unangenehmen Kratzeffekt. Das Ergebnis? Eine absolut stabile Basis, ideal, um Ihre Lieblings-E-Liquids zu verfeinern, ohne deren urspr\u00fcnglichen Geschmack zu ver\u00e4ndern.<\/p>\n<p><strong>Eine geniale und praktische Flasche<\/strong><br \/>\nDer NIC-Booster ist in einer Chubby Gorilla-Flasche mit breitem, robustem Reduzierst\u00fcck verpackt. Dieses ausgekl\u00fcgelte Ausgie\u00dfsystem vereinfacht den Mischvorgang erheblich. Sie m\u00fcssen Ihre Flasche nicht \u00f6ffnen oder zus\u00e4tzliches Zubeh\u00f6r verwenden: Platzieren Sie den Booster einfach \u00fcber der \u00d6ffnung Ihres Shortfills, h\u00f6ren Sie das leise \u201eKlicken\u201c, das die korrekte Position signalisiert, und geben Sie das Nikotin sicher und tropfenfrei ab.<\/p>\n<p><strong>Die Dampfgeschmacksgarantie<\/strong><br \/>\nMit unserem NIC-Booster entscheiden Sie sich f\u00fcr Sicherheit, Zuverl\u00e4ssigkeit und ein gutes Gef\u00fchl. Dieses Produkt wurde nach strengen Standards und umfangreichen Tests hergestellt und spiegelt das Engagement von Vapor Flavour wider, Ihnen ein erstklassiges Dampferlebnis zu bieten, das internationalen Standards entspricht und die Kundenzufriedenheit gew\u00e4hrleistet.<\/p>\n<p>Lassen Sie sich von dieser Konzentration aus Anspruch, Einfachheit und Pr\u00e4zision verf\u00fchren und schmecken Sie den Vapor Flavour-Unterschied.<\/p>","protected":false},"excerpt":{"rendered":"<p>Hergestellt in der Schweiz, unser Vapor Flavour 20mg\/ml NIC Booster, mit einem <a href=\"https:\/\/blakrow.com\/nicotine-cet-ennemi-qui-vous-veut-du-bien\/\">Nikotin<\/a> Doppelt gereinigt und pH-neutral f\u00fcr ein besseres Tragegef\u00fchl. Sie werden von der Qualit\u00e4t und Benutzerfreundlichkeit \u00fcberrascht sein. Dank der Chubby Gorilla-Flasche mit breitem Reduzierst\u00fcck m\u00fcssen Sie die Flasche nicht mehr \u00f6ffnen. Setzen Sie den Booster einfach auf die \u00d6ffnung Ihres Shortfills, bis es \u201eklickt\u201c, um den Inhalt tropfenfrei zu \u00fcbertragen.<\/p>","protected":false},"featured_media":305,"comment_status":"open","ping_status":"closed","template":"","meta":[],"product_brand":[58],"product_cat":[17],"product_tag":[37,35,36,34],"class_list":{"0":"post-304","1":"product","2":"type-product","3":"status-publish","4":"has-post-thumbnail","6":"product_brand-vapor-flavour","7":"product_cat-avec-nicotine","8":"product_tag-10ml","9":"product_tag-20mg","10":"product_tag-20mg-ml","11":"product_tag-booster-nicotine","13":"first","14":"instock","15":"taxable","16":"shipping-taxable","17":"purchasable","18":"product-type-simple"},"jetpack_sharing_enabled":true,"_links":{"self":[{"href":"https:\/\/lafabrick.ch\/de\/wp-json\/wp\/v2\/product\/304","targetHints":{"allow":["GET"]}}],"collection":[{"href":"https:\/\/lafabrick.ch\/de\/wp-json\/wp\/v2\/product"}],"about":[{"href":"https:\/\/lafabrick.ch\/de\/wp-json\/wp\/v2\/types\/product"}],"replies":[{"embeddable":true,"href":"https:\/\/lafabrick.ch\/de\/wp-json\/wp\/v2\/comments?post=304"}],"wp:featuredmedia":[{"embeddable":true,"href":"https:\/\/lafabrick.ch\/de\/wp-json\/wp\/v2\/media\/305"}],"wp:attachment":[{"href":"https:\/\/lafabrick.ch\/de\/wp-json\/wp\/v2\/media?parent=304"}],"wp:term":[{"taxonomy":"product_brand","embeddable":true,"href":"https:\/\/lafabrick.ch\/de\/wp-json\/wp\/v2\/product_brand?post=304"},{"taxonomy":"product_cat","embeddable":true,"href":"https:\/\/lafabrick.ch\/de\/wp-json\/wp\/v2\/product_cat?post=304"},{"taxonomy":"product_tag","embeddable":true,"href":"https:\/\/lafabrick.ch\/de\/wp-json\/wp\/v2\/product_tag?post=304"}],"curies":[{"name":"wp","href":"https:\/\/api.w.org\/{rel}","templated":true}]}}