{"id":210,"date":"2024-12-12T08:03:25","date_gmt":"2024-12-12T08:03:25","guid":{"rendered":"https:\/\/lafabrick.ch\/?post_type=product&#038;p=210"},"modified":"2025-09-17T12:44:47","modified_gmt":"2025-09-17T12:44:47","slug":"blackcurrant-ice-tea-iced-longfill","status":"publish","type":"product","link":"https:\/\/lafabrick.ch\/de\/produkt\/blackcurrant-ice-tea-iced-longfill\/","title":{"rendered":"Schwarzer Johannisbeer-Eistee ICED Longfill"},"content":{"rendered":"<p data-start=\"55\" data-end=\"353\"><strong data-start=\"55\" data-end=\"90\">Eistee mit schwarzen Johannisbeeren \u2013 Blackrow<\/strong><br data-start=\"90\" data-end=\"93\" \/>Bieten Sie Ihren Kunden einen authentischen Geschmack mit der Cassis ICED-Version des ber\u00fchmten <strong data-start=\"172\" data-end=\"185\">Eistee<\/strong>, erneut besucht von <strong data-start=\"200\" data-end=\"212\">Blackrow<\/strong>Dieses Aromenkonzentrat l\u00e4sst Sie die ganze Frische und Intensit\u00e4t dieses legend\u00e4ren Eistees neu entdecken, mit einer erfrischenden Eisnote.<\/p>\n<p data-start=\"355\" data-end=\"558\">Angeboten im Format <strong data-start=\"373\" data-end=\"385\">Longfill<\/strong> Container <strong data-start=\"396\" data-end=\"414\">20 ml Aromen<\/strong>, erm\u00f6glicht es Ihnen, den Nikotingehalt einfach anzupassen, indem Sie bis zu <strong data-start=\"487\" data-end=\"518\">50 ml Booster oder Base<\/strong> entsprechend den Benutzereinstellungen.<\/p>\n<p data-start=\"560\" data-end=\"584\"><strong data-start=\"560\" data-end=\"582\">Merkmale :<\/strong><\/p>\n<ul data-start=\"585\" data-end=\"685\">\n<li data-start=\"585\" data-end=\"603\">Flasche: 75 ml<\/li>\n<li data-start=\"604\" data-end=\"631\">Konzentriertes Aroma: 20 ml<\/li>\n<li data-start=\"632\" data-end=\"645\">Basis: PG<\/li>\n<\/ul>\n<p data-start=\"687\" data-end=\"825\"><strong data-start=\"687\" data-end=\"700\">Aufmerksamkeit<\/strong> : Dies ist ein Aromakonzentrat. Bitte verd\u00fcnnen Sie es mit <strong data-start=\"762\" data-end=\"790\">mindestens 30 ml Base<\/strong>, vorzugsweise in <strong data-start=\"809\" data-end=\"824\">30\/70 PG\/VG<\/strong>.<\/p>","protected":false},"excerpt":{"rendered":"<p><strong data-start=\"55\" data-end=\"164\">Entdecken Sie den authentischen Geschmack des legend\u00e4ren Eistees mit einem Hauch eisgek\u00fchlter und erfrischender schwarzer Johannisbeere neu.<\/strong> Ein Aromenkonzentrat zum Verd\u00fcnnen, das ein einzigartiges und k\u00f6stliches Geschmackserlebnis bietet, ideal f\u00fcr Ihre Kunden, die nach intensiver Frische und eisgek\u00fchltem Genuss suchen.<\/p>","protected":false},"featured_media":383,"comment_status":"closed","ping_status":"closed","template":"","meta":[],"product_brand":[39,65],"product_cat":[71],"product_tag":[68,69,70],"class_list":{"0":"post-210","1":"product","2":"type-product","3":"status-publish","4":"has-post-thumbnail","6":"product_brand-blakrow","7":"product_brand-v-twin","8":"product_cat-longfill","9":"product_tag-blakrow","10":"product_tag-ice-tea","11":"product_tag-sans-nicotine","13":"first","14":"instock","15":"taxable","16":"shipping-taxable","17":"purchasable","18":"product-type-simple"},"jetpack_sharing_enabled":true,"_links":{"self":[{"href":"https:\/\/lafabrick.ch\/de\/wp-json\/wp\/v2\/product\/210","targetHints":{"allow":["GET"]}}],"collection":[{"href":"https:\/\/lafabrick.ch\/de\/wp-json\/wp\/v2\/product"}],"about":[{"href":"https:\/\/lafabrick.ch\/de\/wp-json\/wp\/v2\/types\/product"}],"replies":[{"embeddable":true,"href":"https:\/\/lafabrick.ch\/de\/wp-json\/wp\/v2\/comments?post=210"}],"wp:featuredmedia":[{"embeddable":true,"href":"https:\/\/lafabrick.ch\/de\/wp-json\/wp\/v2\/media\/383"}],"wp:attachment":[{"href":"https:\/\/lafabrick.ch\/de\/wp-json\/wp\/v2\/media?parent=210"}],"wp:term":[{"taxonomy":"product_brand","embeddable":true,"href":"https:\/\/lafabrick.ch\/de\/wp-json\/wp\/v2\/product_brand?post=210"},{"taxonomy":"product_cat","embeddable":true,"href":"https:\/\/lafabrick.ch\/de\/wp-json\/wp\/v2\/product_cat?post=210"},{"taxonomy":"product_tag","embeddable":true,"href":"https:\/\/lafabrick.ch\/de\/wp-json\/wp\/v2\/product_tag?post=210"}],"curies":[{"name":"wp","href":"https:\/\/api.w.org\/{rel}","templated":true}]}}