{"id":1421,"date":"2025-09-24T12:37:22","date_gmt":"2025-09-24T12:37:22","guid":{"rendered":"https:\/\/lafabrick.ch\/?post_type=product&#038;p=1421"},"modified":"2025-09-24T13:59:25","modified_gmt":"2025-09-24T13:59:25","slug":"kit-spark-kiwi-vapor","status":"publish","type":"product","link":"https:\/\/lafabrick.ch\/de\/produkt\/kit-spark-kiwi-vapor\/","title":{"rendered":"Kiwi Vapor Spark Kit"},"content":{"rendered":"<p>Das Spark Kit verf\u00fcgt \u00fcber einen eingebauten 700-mAh-Akku und kann bis zu 16 W Leistung abgeben. Das Kit wird mit Spark-Kartuschen geliefert, die \u00fcber eingebaute Spulen verf\u00fcgen und bis zu 2 ml Liquid aufnehmen k\u00f6nnen. Das Kit ist au\u00dferdem mit allen KIWI-Kartuschen kompatibel.<\/p>\n<p>Der Pod ist \u00fcber den darunter liegenden USB-C-Anschluss wiederaufladbar (USB-C-Kabel nicht im Lieferumfang enthalten).<\/p>","protected":false},"excerpt":{"rendered":"<p>Das Spark Kit verf\u00fcgt \u00fcber einen eingebauten 700-mAh-Akku und kann bis zu 16 W Leistung abgeben. Das Kit wird mit Spark-Kartuschen geliefert, die \u00fcber eingebaute Spulen verf\u00fcgen und bis zu 2 ml Liquid aufnehmen k\u00f6nnen. Das Kit ist au\u00dferdem mit allen KIWI-Kartuschen kompatibel.<\/p>\n<p>Der Pod ist \u00fcber den darunter liegenden USB-C-Anschluss wiederaufladbar (USB-C-Kabel nicht im Lieferumfang enthalten).<\/p>","protected":false},"featured_media":1428,"comment_status":"open","ping_status":"closed","template":"","meta":[],"product_brand":[45],"product_cat":[103,106,104],"product_tag":[],"class_list":{"0":"post-1421","1":"product","2":"type-product","3":"status-publish","4":"has-post-thumbnail","6":"product_brand-kiwi-vapor","7":"product_cat-appareils","8":"product_cat-kit","9":"product_cat-pod","11":"first","12":"instock","13":"featured","14":"taxable","15":"shipping-taxable","16":"purchasable","17":"product-type-variable","18":"has-default-attributes"},"jetpack_sharing_enabled":true,"_links":{"self":[{"href":"https:\/\/lafabrick.ch\/de\/wp-json\/wp\/v2\/product\/1421","targetHints":{"allow":["GET"]}}],"collection":[{"href":"https:\/\/lafabrick.ch\/de\/wp-json\/wp\/v2\/product"}],"about":[{"href":"https:\/\/lafabrick.ch\/de\/wp-json\/wp\/v2\/types\/product"}],"replies":[{"embeddable":true,"href":"https:\/\/lafabrick.ch\/de\/wp-json\/wp\/v2\/comments?post=1421"}],"wp:featuredmedia":[{"embeddable":true,"href":"https:\/\/lafabrick.ch\/de\/wp-json\/wp\/v2\/media\/1428"}],"wp:attachment":[{"href":"https:\/\/lafabrick.ch\/de\/wp-json\/wp\/v2\/media?parent=1421"}],"wp:term":[{"taxonomy":"product_brand","embeddable":true,"href":"https:\/\/lafabrick.ch\/de\/wp-json\/wp\/v2\/product_brand?post=1421"},{"taxonomy":"product_cat","embeddable":true,"href":"https:\/\/lafabrick.ch\/de\/wp-json\/wp\/v2\/product_cat?post=1421"},{"taxonomy":"product_tag","embeddable":true,"href":"https:\/\/lafabrick.ch\/de\/wp-json\/wp\/v2\/product_tag?post=1421"}],"curies":[{"name":"wp","href":"https:\/\/api.w.org\/{rel}","templated":true}]}}