{"id":1394,"date":"2025-09-23T08:35:42","date_gmt":"2025-09-23T08:35:42","guid":{"rendered":"https:\/\/lafabrick.ch\/?post_type=product&#038;p=1394"},"modified":"2025-09-23T08:44:13","modified_gmt":"2025-09-23T08:44:13","slug":"elfiq-raisin-10ml-20mg-nicotine","status":"publish","type":"product","link":"https:\/\/lafabrick.ch\/de\/produkt\/elfiq-raisin-10ml-20mg-nicotine\/","title":{"rendered":"Elfiq Rosine 10 ml 20 mg\/ml"},"content":{"rendered":"<blockquote><p>Neben den beliebten E-Zigaretten erweitert ELFBAR sein Sortiment nun um hochwertige E-Liquids. Mit dem neuen ELFLIQ holen Sie sich den einzigartigen Geschmack von ELFBAR direkt in Ihren Tank. ELFBAR, die f\u00fchrende Vape-Marke der Schweiz, ist international bekannt f\u00fcr ihre Premium-Einweg-E-Zigaretten, die in puncto Geschmack und Haltbarkeit un\u00fcbertroffen sind. In den ELFBAR-Laboren hat die Einhaltung strengster Sicherheits- und Qualit\u00e4tsstandards oberste Priorit\u00e4t. Nur Einweg-E-Zigaretten, die diese Standards vollumf\u00e4nglich erf\u00fcllen, werden in unser Verkaufsportfolio aufgenommen. Dies best\u00e4tigt ELFBARs Engagement f\u00fcr Qualit\u00e4t und Zuverl\u00e4ssigkeit.<\/p>\n<p><b>Inhalt :<\/b>\u00a0ELFBAR Elfliq<br \/>\n<b>F\u00e4higkeit :<\/b> 10 ml, <strong><a href=\"https:\/\/blakrow.com\/nicotine-cet-ennemi-qui-vous-veut-du-bien\/\">Nikotin<\/a> <\/strong>, Konzentration: 20 mg\/ml<br \/>\n<b>Zutaten :<\/b> Pflanzliches Glycerin, Propylenglykol, nat\u00fcrliche und k\u00fcnstliche Aromen, Nikotinbenzoat, Nikotindosis pro Zug: 0,064 mg<\/p><\/blockquote>","protected":false},"excerpt":{"rendered":"<p>Neben den beliebten E-Zigaretten erweitert ELFBAR sein Sortiment nun um hochwertige E-Liquids. Mit dem neuen ELFLIQ holen Sie sich den einzigartigen Geschmack von ELFBAR direkt in Ihren Tank. ELFBAR, die f\u00fchrende Vape-Marke der Schweiz, ist international bekannt f\u00fcr ihre Premium-Einweg-E-Zigaretten, die in puncto Geschmack und Haltbarkeit un\u00fcbertroffen sind. In den ELFBAR-Laboren hat die Einhaltung strengster Sicherheits- und Qualit\u00e4tsstandards oberste Priorit\u00e4t. Nur Einweg-E-Zigaretten, die diese Standards vollumf\u00e4nglich erf\u00fcllen, werden in unser Verkaufsportfolio aufgenommen. Dies best\u00e4tigt ELFBARs Engagement f\u00fcr Qualit\u00e4t und Zuverl\u00e4ssigkeit.<\/p>\n<p><b>Inhalt :<\/b>\u00a0ELFBAR Elfliq<br \/>\n<b>F\u00e4higkeit :<\/b> 10 ml, <strong><a href=\"https:\/\/blakrow.com\/nicotine-cet-ennemi-qui-vous-veut-du-bien\/\">Nikotin<\/a> <\/strong>, Konzentration: 20 mg\/ml<br \/>\n<b>Zutaten :<\/b> Pflanzliches Glycerin, Propylenglykol, nat\u00fcrliche und k\u00fcnstliche Aromen, Nikotinbenzoat, Nikotindosis pro Zug: 0,064 mg<\/p>","protected":false},"featured_media":1395,"comment_status":"open","ping_status":"closed","template":"","meta":[],"product_brand":[43,107],"product_cat":[17],"product_tag":[37,35,36,34,108],"class_list":{"0":"post-1394","1":"product","2":"type-product","3":"status-publish","4":"has-post-thumbnail","6":"product_brand-elf-bar","7":"product_brand-elfiq","8":"product_cat-avec-nicotine","9":"product_tag-10ml","10":"product_tag-20mg","11":"product_tag-20mg-ml","12":"product_tag-booster-nicotine","13":"product_tag-raisin","15":"first","16":"instock","17":"taxable","18":"shipping-taxable","19":"purchasable","20":"product-type-simple"},"jetpack_sharing_enabled":true,"_links":{"self":[{"href":"https:\/\/lafabrick.ch\/de\/wp-json\/wp\/v2\/product\/1394","targetHints":{"allow":["GET"]}}],"collection":[{"href":"https:\/\/lafabrick.ch\/de\/wp-json\/wp\/v2\/product"}],"about":[{"href":"https:\/\/lafabrick.ch\/de\/wp-json\/wp\/v2\/types\/product"}],"replies":[{"embeddable":true,"href":"https:\/\/lafabrick.ch\/de\/wp-json\/wp\/v2\/comments?post=1394"}],"wp:featuredmedia":[{"embeddable":true,"href":"https:\/\/lafabrick.ch\/de\/wp-json\/wp\/v2\/media\/1395"}],"wp:attachment":[{"href":"https:\/\/lafabrick.ch\/de\/wp-json\/wp\/v2\/media?parent=1394"}],"wp:term":[{"taxonomy":"product_brand","embeddable":true,"href":"https:\/\/lafabrick.ch\/de\/wp-json\/wp\/v2\/product_brand?post=1394"},{"taxonomy":"product_cat","embeddable":true,"href":"https:\/\/lafabrick.ch\/de\/wp-json\/wp\/v2\/product_cat?post=1394"},{"taxonomy":"product_tag","embeddable":true,"href":"https:\/\/lafabrick.ch\/de\/wp-json\/wp\/v2\/product_tag?post=1394"}],"curies":[{"name":"wp","href":"https:\/\/api.w.org\/{rel}","templated":true}]}}