{"id":1038,"date":"2025-04-17T13:53:03","date_gmt":"2025-04-17T13:53:03","guid":{"rendered":"https:\/\/lafabrick.ch\/?post_type=product&#038;p=1038"},"modified":"2025-09-20T08:07:08","modified_gmt":"2025-09-20T08:07:08","slug":"cyber-bear-100ml-iced-gummy-bear","status":"publish","type":"product","link":"https:\/\/lafabrick.ch\/de\/produkt\/cyber-bear-100ml-iced-gummy-bear\/","title":{"rendered":"Cyber Bear 100ml ICED Gummib\u00e4rchen"},"content":{"rendered":"<h5>Cyber B\u00e4r \u2013 SIDE CUT<\/h5>\n<p>F\u00fcr Fans fruchtiger Aromen mit intensivem Geschmack kreiert, ist das Sortiment <strong>Cyber<\/strong> von <strong>SEITLICHER SCHNITT <\/strong>ist der perfekte Saft f\u00fcr den Sommer.<\/p>\n<p>Sein intensiver Ice Gummy Bear-Geschmack mit k\u00fchlendem Effekt bei jedem Zug wird Sie \u00fcberraschen und an die ber\u00fchmten Kaugummis in B\u00e4renform erinnern.<\/p>\n<p data-start=\"382\" data-end=\"588\">Angeboten im Format <strong data-start=\"400\" data-end=\"409\">120 ml<\/strong>, mit <strong data-start=\"416\" data-end=\"449\">100 ml dampffertige Fl\u00fcssigkeit<\/strong> in 50PG\/50VG-Basis, einfach hinzuf\u00fcgen zu <strong data-start=\"497\" data-end=\"517\">20 ml Booster<\/strong> um den Nikotingehalt entsprechend den Vorlieben Ihrer Kunden anzupassen.<\/p>\n<p data-start=\"590\" data-end=\"614\"><strong data-start=\"590\" data-end=\"612\">Merkmale :<\/strong><\/p>\n<ul data-start=\"615\" data-end=\"738\">\n<li data-start=\"615\" data-end=\"633\">Flasche: 120 ml<\/li>\n<li data-start=\"634\" data-end=\"677\">Fassungsverm\u00f6gen: 100 ml<\/li>\n<li data-start=\"678\" data-end=\"698\">Basis: 50PG\/50VG<\/li>\n<\/ul>","protected":false},"excerpt":{"rendered":"<p>Entdecken Sie die Marke SIDE CUT des Saftherstellers BLAKROW und ihr Fruity Fresh im 100-ml-Format mit dem Geschmack von Fresh Tangy Gummy Bear.<\/p>","protected":false},"featured_media":1039,"comment_status":"closed","ping_status":"closed","template":"","meta":[],"product_brand":[41],"product_cat":[20,16,18],"product_tag":[54,68,97,94,48,96,95,93,70,83],"class_list":{"0":"post-1038","1":"product","2":"type-product","3":"status-publish","4":"has-post-thumbnail","6":"product_brand-side-cut","7":"product_cat-100ml-shortfill","8":"product_cat-e-liquide","9":"product_cat-sans-nicotine","10":"product_tag-100-ml","11":"product_tag-blakrow","12":"product_tag-bonbon","13":"product_tag-disposable","14":"product_tag-fruite","15":"product_tag-iced","16":"product_tag-jettable","17":"product_tag-puff","18":"product_tag-sans-nicotine","19":"product_tag-side-cut","21":"first","22":"instock","23":"sale","24":"featured","25":"taxable","26":"shipping-taxable","27":"purchasable","28":"product-type-simple"},"jetpack_sharing_enabled":true,"_links":{"self":[{"href":"https:\/\/lafabrick.ch\/de\/wp-json\/wp\/v2\/product\/1038","targetHints":{"allow":["GET"]}}],"collection":[{"href":"https:\/\/lafabrick.ch\/de\/wp-json\/wp\/v2\/product"}],"about":[{"href":"https:\/\/lafabrick.ch\/de\/wp-json\/wp\/v2\/types\/product"}],"replies":[{"embeddable":true,"href":"https:\/\/lafabrick.ch\/de\/wp-json\/wp\/v2\/comments?post=1038"}],"wp:featuredmedia":[{"embeddable":true,"href":"https:\/\/lafabrick.ch\/de\/wp-json\/wp\/v2\/media\/1039"}],"wp:attachment":[{"href":"https:\/\/lafabrick.ch\/de\/wp-json\/wp\/v2\/media?parent=1038"}],"wp:term":[{"taxonomy":"product_brand","embeddable":true,"href":"https:\/\/lafabrick.ch\/de\/wp-json\/wp\/v2\/product_brand?post=1038"},{"taxonomy":"product_cat","embeddable":true,"href":"https:\/\/lafabrick.ch\/de\/wp-json\/wp\/v2\/product_cat?post=1038"},{"taxonomy":"product_tag","embeddable":true,"href":"https:\/\/lafabrick.ch\/de\/wp-json\/wp\/v2\/product_tag?post=1038"}],"curies":[{"name":"wp","href":"https:\/\/api.w.org\/{rel}","templated":true}]}}