{"id":80,"date":"2025-09-04T07:15:13","date_gmt":"2025-09-04T07:15:13","guid":{"rendered":"https:\/\/lafabrick.ch\/?page_id=80"},"modified":"2025-09-26T08:49:01","modified_gmt":"2025-09-26T08:49:01","slug":"homepage","status":"publish","type":"page","link":"https:\/\/lafabrick.ch\/de\/","title":{"rendered":"Homepage"},"content":{"rendered":"\t\t<div data-elementor-type=\"wp-page\" data-elementor-id=\"80\" class=\"elementor elementor-80\" data-elementor-post-type=\"page\">\n\t\t\t\t<div class=\"elementor-element elementor-element-646c5bd e-flex e-con-boxed elementor-invisible e-con e-parent\" data-id=\"646c5bd\" data-element_type=\"container\" data-e-type=\"container\" data-settings=\"{&quot;background_background&quot;:&quot;classic&quot;,&quot;background_motion_fx_motion_fx_scrolling&quot;:&quot;yes&quot;,&quot;background_motion_fx_translateY_effect&quot;:&quot;yes&quot;,&quot;background_motion_fx_blur_effect&quot;:&quot;yes&quot;,&quot;background_motion_fx_blur_direction&quot;:&quot;in-out&quot;,&quot;background_motion_fx_range&quot;:&quot;page&quot;,&quot;animation&quot;:&quot;zoomIn&quot;,&quot;background_motion_fx_translateY_speed&quot;:{&quot;unit&quot;:&quot;px&quot;,&quot;size&quot;:4,&quot;sizes&quot;:[]},&quot;background_motion_fx_translateY_affectedRange&quot;:{&quot;unit&quot;:&quot;%&quot;,&quot;size&quot;:&quot;&quot;,&quot;sizes&quot;:{&quot;start&quot;:0,&quot;end&quot;:100}},&quot;background_motion_fx_blur_level&quot;:{&quot;unit&quot;:&quot;px&quot;,&quot;size&quot;:7,&quot;sizes&quot;:[]},&quot;background_motion_fx_blur_range&quot;:{&quot;unit&quot;:&quot;%&quot;,&quot;size&quot;:&quot;&quot;,&quot;sizes&quot;:{&quot;start&quot;:20,&quot;end&quot;:80}},&quot;background_motion_fx_devices&quot;:[&quot;desktop&quot;,&quot;tablet&quot;,&quot;mobile&quot;]}\">\n\t\t\t\t\t<div class=\"e-con-inner\">\n\t\t\t\t<div class=\"elementor-element elementor-element-72d08dc elementor-widget elementor-widget-spacer\" data-id=\"72d08dc\" data-element_type=\"widget\" data-e-type=\"widget\" data-widget_type=\"spacer.default\">\n\t\t\t\t\t\t\t<div class=\"elementor-spacer\">\n\t\t\t<div class=\"elementor-spacer-inner\"><\/div>\n\t\t<\/div>\n\t\t\t\t\t\t<\/div>\n\t\t\t\t<div class=\"elementor-element elementor-element-07a044c elementor-widget elementor-widget-heading\" data-id=\"07a044c\" data-element_type=\"widget\" data-e-type=\"widget\" data-widget_type=\"heading.default\">\n\t\t\t\t\t<h2 class=\"elementor-heading-title elementor-size-default\">Nos Best Sellers<\/h2>\t\t\t\t<\/div>\n\t\t<div class=\"elementor-element elementor-element-8656112 e-con-full e-flex e-con e-child\" data-id=\"8656112\" data-element_type=\"container\" data-e-type=\"container\" data-settings=\"{&quot;background_background&quot;:&quot;classic&quot;}\">\n\t\t\t\t<div class=\"woocommerce elementor-element elementor-element-25e5203 elementor-arrows-position-inside elementor-widget elementor-widget-loop-carousel\" data-id=\"25e5203\" data-element_type=\"widget\" data-e-type=\"widget\" data-settings=\"{&quot;_skin&quot;:&quot;product&quot;,&quot;template_id&quot;:&quot;1231&quot;,&quot;_animation&quot;:&quot;none&quot;,&quot;slides_to_show&quot;:&quot;3&quot;,&quot;slides_to_show_tablet&quot;:&quot;2&quot;,&quot;slides_to_show_mobile&quot;:&quot;1&quot;,&quot;slides_to_scroll&quot;:&quot;1&quot;,&quot;edit_handle_selector&quot;:&quot;.elementor-loop-container&quot;,&quot;autoplay&quot;:&quot;yes&quot;,&quot;autoplay_speed&quot;:5000,&quot;pause_on_hover&quot;:&quot;yes&quot;,&quot;pause_on_interaction&quot;:&quot;yes&quot;,&quot;infinite&quot;:&quot;yes&quot;,&quot;speed&quot;:500,&quot;offset_sides&quot;:&quot;none&quot;,&quot;arrows&quot;:&quot;yes&quot;,&quot;image_spacing_custom&quot;:{&quot;unit&quot;:&quot;px&quot;,&quot;size&quot;:10,&quot;sizes&quot;:[]},&quot;image_spacing_custom_tablet&quot;:{&quot;unit&quot;:&quot;px&quot;,&quot;size&quot;:&quot;&quot;,&quot;sizes&quot;:[]},&quot;image_spacing_custom_mobile&quot;:{&quot;unit&quot;:&quot;px&quot;,&quot;size&quot;:&quot;&quot;,&quot;sizes&quot;:[]}}\" data-widget_type=\"loop-carousel.product\">\n\t\t\t\t\t\t\t<div class=\"swiper elementor-loop-container elementor-grid\" role=\"list\" dir=\"ltr\">\n\t\t\t\t<div class=\"swiper-wrapper\" aria-live=\"off\">\n\t\t<style id=\"loop-1231\">.elementor-1231 .elementor-element.elementor-element-6f35b94{--display:flex;}<\/style>\t\t<div data-elementor-type=\"loop-item\" data-elementor-id=\"1231\" class=\"elementor elementor-1231 swiper-slide e-loop-item e-loop-item-1430 post-1430 product type-product status-publish has-post-thumbnail product_brand-oxva product_cat-appareils product_cat-kit product_cat-pod first instock featured taxable shipping-taxable purchasable product-type-variable\" data-elementor-post-type=\"elementor_library\" role=\"group\" aria-roledescription=\"slide\" data-custom-edit-handle=\"1\">\n\t\t\t<div class=\"elementor-element elementor-element-6f35b94 e-flex e-con-boxed e-con e-parent\" data-id=\"6f35b94\" data-element_type=\"container\" data-e-type=\"container\">\n\t\t\t\t\t<div class=\"e-con-inner\">\n\t\t\t\t<div class=\"elementor-element elementor-element-c455947 elementor-widget elementor-widget-theme-post-featured-image elementor-widget-image\" data-id=\"c455947\" data-element_type=\"widget\" data-e-type=\"widget\" data-widget_type=\"theme-post-featured-image.default\">\n\t\t\t\t\t\t\t\t\t\t\t\t\t\t\t\t<a href=\"https:\/\/lafabrick.ch\/de\/produkt\/kit-nexlim-oxva\/\">\n\t\t\t\t\t\t\t<img fetchpriority=\"high\" decoding=\"async\" width=\"800\" height=\"800\" src=\"https:\/\/lafabrick.ch\/wp-content\/uploads\/2025\/09\/kit-nexlim-oxva-power-black.png\" class=\"attachment-large size-large wp-image-1440\" alt=\"\" srcset=\"https:\/\/lafabrick.ch\/wp-content\/uploads\/2025\/09\/kit-nexlim-oxva-power-black.png 800w, https:\/\/lafabrick.ch\/wp-content\/uploads\/2025\/09\/kit-nexlim-oxva-power-black-300x300.png 300w, https:\/\/lafabrick.ch\/wp-content\/uploads\/2025\/09\/kit-nexlim-oxva-power-black-150x150.png 150w, https:\/\/lafabrick.ch\/wp-content\/uploads\/2025\/09\/kit-nexlim-oxva-power-black-768x768.png 768w, https:\/\/lafabrick.ch\/wp-content\/uploads\/2025\/09\/kit-nexlim-oxva-power-black-12x12.png 12w, https:\/\/lafabrick.ch\/wp-content\/uploads\/2025\/09\/kit-nexlim-oxva-power-black-610x610.png 610w, https:\/\/lafabrick.ch\/wp-content\/uploads\/2025\/09\/kit-nexlim-oxva-power-black-24x24.png 24w, https:\/\/lafabrick.ch\/wp-content\/uploads\/2025\/09\/kit-nexlim-oxva-power-black-36x36.png 36w, https:\/\/lafabrick.ch\/wp-content\/uploads\/2025\/09\/kit-nexlim-oxva-power-black-48x48.png 48w, https:\/\/lafabrick.ch\/wp-content\/uploads\/2025\/09\/kit-nexlim-oxva-power-black-600x600.png 600w, https:\/\/lafabrick.ch\/wp-content\/uploads\/2025\/09\/kit-nexlim-oxva-power-black-100x100.png 100w\" sizes=\"(max-width: 800px) 100vw, 800px\" \/>\t\t\t\t\t\t\t\t<\/a>\n\t\t\t\t\t\t\t\t\t\t\t\t\t\t\t<\/div>\n\t\t\t\t\t<\/div>\n\t\t\t\t<\/div>\n\t\t\t\t<\/div>\n\t\t\t\t<div data-elementor-type=\"loop-item\" data-elementor-id=\"1231\" class=\"elementor elementor-1231 swiper-slide e-loop-item e-loop-item-1421 post-1421 product type-product status-publish has-post-thumbnail product_brand-kiwi-vapor product_cat-appareils product_cat-kit product_cat-pod  instock featured taxable shipping-taxable purchasable product-type-variable has-default-attributes\" data-elementor-post-type=\"elementor_library\" role=\"group\" aria-roledescription=\"slide\" data-custom-edit-handle=\"1\">\n\t\t\t<div class=\"elementor-element elementor-element-6f35b94 e-flex e-con-boxed e-con e-parent\" data-id=\"6f35b94\" data-element_type=\"container\" data-e-type=\"container\">\n\t\t\t\t\t<div class=\"e-con-inner\">\n\t\t\t\t<div class=\"elementor-element elementor-element-c455947 elementor-widget elementor-widget-theme-post-featured-image elementor-widget-image\" data-id=\"c455947\" data-element_type=\"widget\" data-e-type=\"widget\" data-widget_type=\"theme-post-featured-image.default\">\n\t\t\t\t\t\t\t\t\t\t\t\t\t\t\t\t<a href=\"https:\/\/lafabrick.ch\/de\/produkt\/kit-spark-kiwi-vapor\/\">\n\t\t\t\t\t\t\t<img decoding=\"async\" width=\"800\" height=\"800\" src=\"https:\/\/lafabrick.ch\/wp-content\/uploads\/2025\/09\/kit-spark-kiwi-vapor-red.png\" class=\"attachment-large size-large wp-image-1428\" alt=\"\" srcset=\"https:\/\/lafabrick.ch\/wp-content\/uploads\/2025\/09\/kit-spark-kiwi-vapor-red.png 800w, https:\/\/lafabrick.ch\/wp-content\/uploads\/2025\/09\/kit-spark-kiwi-vapor-red-300x300.png 300w, https:\/\/lafabrick.ch\/wp-content\/uploads\/2025\/09\/kit-spark-kiwi-vapor-red-150x150.png 150w, https:\/\/lafabrick.ch\/wp-content\/uploads\/2025\/09\/kit-spark-kiwi-vapor-red-768x768.png 768w, https:\/\/lafabrick.ch\/wp-content\/uploads\/2025\/09\/kit-spark-kiwi-vapor-red-12x12.png 12w, https:\/\/lafabrick.ch\/wp-content\/uploads\/2025\/09\/kit-spark-kiwi-vapor-red-610x610.png 610w, https:\/\/lafabrick.ch\/wp-content\/uploads\/2025\/09\/kit-spark-kiwi-vapor-red-24x24.png 24w, https:\/\/lafabrick.ch\/wp-content\/uploads\/2025\/09\/kit-spark-kiwi-vapor-red-36x36.png 36w, https:\/\/lafabrick.ch\/wp-content\/uploads\/2025\/09\/kit-spark-kiwi-vapor-red-48x48.png 48w, https:\/\/lafabrick.ch\/wp-content\/uploads\/2025\/09\/kit-spark-kiwi-vapor-red-600x600.png 600w, https:\/\/lafabrick.ch\/wp-content\/uploads\/2025\/09\/kit-spark-kiwi-vapor-red-100x100.png 100w\" sizes=\"(max-width: 800px) 100vw, 800px\" \/>\t\t\t\t\t\t\t\t<\/a>\n\t\t\t\t\t\t\t\t\t\t\t\t\t\t\t<\/div>\n\t\t\t\t\t<\/div>\n\t\t\t\t<\/div>\n\t\t\t\t<\/div>\n\t\t\t\t<div data-elementor-type=\"loop-item\" data-elementor-id=\"1231\" class=\"elementor elementor-1231 swiper-slide e-loop-item e-loop-item-1040 post-1040 product type-product status-publish has-post-thumbnail product_brand-side-cut product_cat-100ml-shortfill product_cat-e-liquide product_cat-sans-nicotine product_tag-100-ml product_tag-blakrow product_tag-cerise-glacee product_tag-disposable product_tag-iced product_tag-jettable product_tag-puff product_tag-sans-nicotine product_tag-side-cut  instock sale featured taxable shipping-taxable purchasable product-type-simple\" data-elementor-post-type=\"elementor_library\" role=\"group\" aria-roledescription=\"slide\" data-custom-edit-handle=\"1\">\n\t\t\t<div class=\"elementor-element elementor-element-6f35b94 e-flex e-con-boxed e-con e-parent\" data-id=\"6f35b94\" data-element_type=\"container\" data-e-type=\"container\">\n\t\t\t\t\t<div class=\"e-con-inner\">\n\t\t\t\t<div class=\"elementor-element elementor-element-c455947 elementor-widget elementor-widget-theme-post-featured-image elementor-widget-image\" data-id=\"c455947\" data-element_type=\"widget\" data-e-type=\"widget\" data-widget_type=\"theme-post-featured-image.default\">\n\t\t\t\t\t\t\t\t\t\t\t\t\t\t\t\t<a href=\"https:\/\/lafabrick.ch\/de\/produkt\/cyber-wolf-100ml-cerise-glacee\/\">\n\t\t\t\t\t\t\t<img decoding=\"async\" width=\"800\" height=\"543\" src=\"https:\/\/lafabrick.ch\/wp-content\/uploads\/2025\/09\/Side-cut-100-cyber-wolf-suisse.png\" class=\"attachment-large size-large wp-image-1041\" alt=\"\" \/>\t\t\t\t\t\t\t\t<\/a>\n\t\t\t\t\t\t\t\t\t\t\t\t\t\t\t<\/div>\n\t\t\t\t\t<\/div>\n\t\t\t\t<\/div>\n\t\t\t\t<\/div>\n\t\t\t\t<div data-elementor-type=\"loop-item\" data-elementor-id=\"1231\" class=\"elementor elementor-1231 swiper-slide e-loop-item e-loop-item-1038 post-1038 product type-product status-publish has-post-thumbnail product_brand-side-cut product_cat-100ml-shortfill product_cat-e-liquide product_cat-sans-nicotine product_tag-100-ml product_tag-blakrow product_tag-bonbon product_tag-disposable product_tag-fruite product_tag-iced product_tag-jettable product_tag-puff product_tag-sans-nicotine product_tag-side-cut last instock sale featured taxable shipping-taxable purchasable product-type-simple\" data-elementor-post-type=\"elementor_library\" role=\"group\" aria-roledescription=\"slide\" data-custom-edit-handle=\"1\">\n\t\t\t<div class=\"elementor-element elementor-element-6f35b94 e-flex e-con-boxed e-con e-parent\" data-id=\"6f35b94\" data-element_type=\"container\" data-e-type=\"container\">\n\t\t\t\t\t<div class=\"e-con-inner\">\n\t\t\t\t<div class=\"elementor-element elementor-element-c455947 elementor-widget elementor-widget-theme-post-featured-image elementor-widget-image\" data-id=\"c455947\" data-element_type=\"widget\" data-e-type=\"widget\" data-widget_type=\"theme-post-featured-image.default\">\n\t\t\t\t\t\t\t\t\t\t\t\t\t\t\t\t<a href=\"https:\/\/lafabrick.ch\/de\/produkt\/cyber-bear-100ml-iced-gummy-bear\/\">\n\t\t\t\t\t\t\t<img loading=\"lazy\" decoding=\"async\" width=\"800\" height=\"543\" src=\"https:\/\/lafabrick.ch\/wp-content\/uploads\/2025\/09\/Side-cut-100-cyber-bear-suisse.png\" class=\"attachment-large size-large wp-image-1039\" alt=\"\" \/>\t\t\t\t\t\t\t\t<\/a>\n\t\t\t\t\t\t\t\t\t\t\t\t\t\t\t<\/div>\n\t\t\t\t\t<\/div>\n\t\t\t\t<\/div>\n\t\t\t\t<\/div>\n\t\t\t\t<div data-elementor-type=\"loop-item\" data-elementor-id=\"1231\" class=\"elementor elementor-1231 swiper-slide e-loop-item e-loop-item-1024 post-1024 product type-product status-publish has-post-thumbnail product_brand-side-cut product_cat-100ml-shortfill product_cat-e-liquide product_cat-sans-nicotine product_tag-100-ml product_tag-blakrow product_tag-disposable product_tag-fruite product_tag-iced product_tag-jettable product_tag-puff product_tag-sans-nicotine product_tag-side-cut product_tag-tayberry first instock sale featured taxable shipping-taxable purchasable product-type-simple\" data-elementor-post-type=\"elementor_library\" role=\"group\" aria-roledescription=\"slide\" data-custom-edit-handle=\"1\">\n\t\t\t<div class=\"elementor-element elementor-element-6f35b94 e-flex e-con-boxed e-con e-parent\" data-id=\"6f35b94\" data-element_type=\"container\" data-e-type=\"container\">\n\t\t\t\t\t<div class=\"e-con-inner\">\n\t\t\t\t<div class=\"elementor-element elementor-element-c455947 elementor-widget elementor-widget-theme-post-featured-image elementor-widget-image\" data-id=\"c455947\" data-element_type=\"widget\" data-e-type=\"widget\" data-widget_type=\"theme-post-featured-image.default\">\n\t\t\t\t\t\t\t\t\t\t\t\t\t\t\t\t<a href=\"https:\/\/lafabrick.ch\/de\/produkt\/cyber-kong-tayberry\/\">\n\t\t\t\t\t\t\t<img loading=\"lazy\" decoding=\"async\" width=\"800\" height=\"543\" src=\"https:\/\/lafabrick.ch\/wp-content\/uploads\/2025\/09\/Side-cut-100-cyber-kong-suisse.png\" class=\"attachment-large size-large wp-image-1025\" alt=\"\" \/>\t\t\t\t\t\t\t\t<\/a>\n\t\t\t\t\t\t\t\t\t\t\t\t\t\t\t<\/div>\n\t\t\t\t\t<\/div>\n\t\t\t\t<\/div>\n\t\t\t\t<\/div>\n\t\t\t\t<div data-elementor-type=\"loop-item\" data-elementor-id=\"1231\" class=\"elementor elementor-1231 swiper-slide e-loop-item e-loop-item-415 post-415 product type-product status-publish has-post-thumbnail product_brand-blakrow product_brand-classic product_cat-50ml-shortfill product_cat-e-liquide product_cat-sans-nicotine product_cat-shortfill  instock featured taxable shipping-taxable purchasable product-type-simple\" data-elementor-post-type=\"elementor_library\" role=\"group\" aria-roledescription=\"slide\" data-custom-edit-handle=\"1\">\n\t\t\t<div class=\"elementor-element elementor-element-6f35b94 e-flex e-con-boxed e-con e-parent\" data-id=\"6f35b94\" data-element_type=\"container\" data-e-type=\"container\">\n\t\t\t\t\t<div class=\"e-con-inner\">\n\t\t\t\t<div class=\"elementor-element elementor-element-c455947 elementor-widget elementor-widget-theme-post-featured-image elementor-widget-image\" data-id=\"c455947\" data-element_type=\"widget\" data-e-type=\"widget\" data-widget_type=\"theme-post-featured-image.default\">\n\t\t\t\t\t\t\t\t\t\t\t\t\t\t\t\t<a href=\"https:\/\/lafabrick.ch\/de\/produkt\/classic-maryland\/\">\n\t\t\t\t\t\t\t<img loading=\"lazy\" decoding=\"async\" width=\"800\" height=\"800\" src=\"https:\/\/lafabrick.ch\/wp-content\/uploads\/2025\/09\/maryland-Vue-active-jpg.webp\" class=\"attachment-large size-large wp-image-416\" alt=\"\" \/>\t\t\t\t\t\t\t\t<\/a>\n\t\t\t\t\t\t\t\t\t\t\t\t\t\t\t<\/div>\n\t\t\t\t\t<\/div>\n\t\t\t\t<\/div>\n\t\t\t\t<\/div>\n\t\t\t\t<\/div>\n\t\t<\/div>\n\t\t\t\t\t<div class=\"elementor-swiper-button elementor-swiper-button-prev\" role=\"button\" tabindex=\"0\" aria-label=\"Previous\">\n\t\t\t\t<svg aria-hidden=\"true\" class=\"e-font-icon-svg e-eicon-chevron-left\" viewBox=\"0 0 1000 1000\" xmlns=\"http:\/\/www.w3.org\/2000\/svg\"><path d=\"M646 125C629 125 613 133 604 142L308 442C296 454 292 471 292 487 292 504 296 521 308 533L604 854C617 867 629 875 646 875 663 875 679 871 692 858 704 846 713 829 713 812 713 796 708 779 692 767L438 487 692 225C700 217 708 204 708 187 708 171 704 154 692 142 675 129 663 125 646 125Z\"><\/path><\/svg>\t\t\t<\/div>\n\t\t\t<div class=\"elementor-swiper-button elementor-swiper-button-next\" role=\"button\" tabindex=\"0\" aria-label=\"Next\">\n\t\t\t\t<svg aria-hidden=\"true\" class=\"e-font-icon-svg e-eicon-chevron-right\" viewBox=\"0 0 1000 1000\" xmlns=\"http:\/\/www.w3.org\/2000\/svg\"><path d=\"M696 533C708 521 713 504 713 487 713 471 708 454 696 446L400 146C388 133 375 125 354 125 338 125 325 129 313 142 300 154 292 171 292 187 292 204 296 221 308 233L563 492 304 771C292 783 288 800 288 817 288 833 296 850 308 863 321 871 338 875 354 875 371 875 388 867 400 854L696 533Z\"><\/path><\/svg>\t\t\t<\/div>\n\t\t\t\t\t\t<\/div>\n\t\t\t\t<div class=\"elementor-element elementor-element-f765ad6 elementor-widget elementor-widget-text-editor\" data-id=\"f765ad6\" data-element_type=\"widget\" data-e-type=\"widget\" data-widget_type=\"text-editor.default\">\n\t\t\t\t\t\t\t\t\t<p>Le berceau des E-liquides BLAKROW sera bient\u00f4t \u00e0 nouveau en ligne.<\/p><p>Venez d\u00e9couvrir notre shop \u00e0 l&rsquo;Av. des Alpes 23 \u00e0 Montreux pour d\u00e9couvrir les derni\u00e8res nouveaut\u00e9s de la marque ainsi que tout ce dont vous aurez besoin pour Vaper.<\/p>\t\t\t\t\t\t\t\t<\/div>\n\t\t\t\t<\/div>\n\t\t\t\t\t<\/div>\n\t\t\t\t<\/div>\n\t\t\t\t<\/div>\n\t\t","protected":false},"excerpt":{"rendered":"<p>Nos Best Sellers Le berceau des E-liquides BLAKROW sera bient\u00f4t \u00e0 nouveau en ligne. Venez d\u00e9couvrir notre shop \u00e0 l&rsquo;Av. des Alpes 23 \u00e0 Montreux pour d\u00e9couvrir les derni\u00e8res nouveaut\u00e9s de la marque ainsi que tout ce dont vous aurez besoin pour Vaper.<\/p>","protected":false},"author":1,"featured_media":0,"parent":0,"menu_order":0,"comment_status":"closed","ping_status":"closed","template":"","meta":{"footnotes":""},"class_list":["post-80","page","type-page","status-publish","hentry"],"jetpack_sharing_enabled":true,"_links":{"self":[{"href":"https:\/\/lafabrick.ch\/de\/wp-json\/wp\/v2\/pages\/80","targetHints":{"allow":["GET"]}}],"collection":[{"href":"https:\/\/lafabrick.ch\/de\/wp-json\/wp\/v2\/pages"}],"about":[{"href":"https:\/\/lafabrick.ch\/de\/wp-json\/wp\/v2\/types\/page"}],"author":[{"embeddable":true,"href":"https:\/\/lafabrick.ch\/de\/wp-json\/wp\/v2\/users\/1"}],"replies":[{"embeddable":true,"href":"https:\/\/lafabrick.ch\/de\/wp-json\/wp\/v2\/comments?post=80"}],"version-history":[{"count":55,"href":"https:\/\/lafabrick.ch\/de\/wp-json\/wp\/v2\/pages\/80\/revisions"}],"predecessor-version":[{"id":1555,"href":"https:\/\/lafabrick.ch\/de\/wp-json\/wp\/v2\/pages\/80\/revisions\/1555"}],"wp:attachment":[{"href":"https:\/\/lafabrick.ch\/de\/wp-json\/wp\/v2\/media?parent=80"}],"curies":[{"name":"wp","href":"https:\/\/api.w.org\/{rel}","templated":true}]}}