{"id":153,"date":"2025-09-11T07:57:05","date_gmt":"2025-09-11T07:57:05","guid":{"rendered":"https:\/\/lafabrick.ch\/?page_id=153"},"modified":"2025-09-11T10:12:20","modified_gmt":"2025-09-11T10:12:20","slug":"politique-de-confidentialite","status":"publish","type":"page","link":"https:\/\/lafabrick.ch\/de\/politique-de-confidentialite\/","title":{"rendered":"Datenschutzrichtlinie"},"content":{"rendered":"<div data-elementor-type=\"wp-page\" data-elementor-id=\"153\" class=\"elementor elementor-153\" data-elementor-post-type=\"page\">\n\t\t\t\t<div class=\"elementor-element elementor-element-b57794b e-flex e-con-boxed e-con e-parent\" data-id=\"b57794b\" data-element_type=\"container\" data-e-type=\"container\">\n\t\t\t\t\t<div class=\"e-con-inner\">\n\t\t\t\t<div class=\"elementor-element elementor-element-1fdeff6 elementor-widget elementor-widget-heading\" data-id=\"1fdeff6\" data-element_type=\"widget\" data-e-type=\"widget\" data-widget_type=\"heading.default\">\n\t\t\t\t\t<h1 class=\"elementor-heading-title elementor-size-default\">DATENSCHUTZRICHTLINIE<\/h1>\t\t\t\t<\/div>\n\t\t\t\t\t<\/div>\n\t\t\t\t<\/div>\n\t\t<div class=\"elementor-element elementor-element-ed859d8 e-flex e-con-boxed e-con e-parent\" data-id=\"ed859d8\" data-element_type=\"container\" data-e-type=\"container\">\n\t\t\t\t\t<div class=\"e-con-inner\">\n\t\t\t\t<div class=\"elementor-element elementor-element-e001647 elementor-widget elementor-widget-text-editor\" data-id=\"e001647\" data-element_type=\"widget\" data-e-type=\"widget\" data-widget_type=\"text-editor.default\">\n\t\t\t\t\t\t\t\t\t<p><\/p><p><strong>RECHTLICHE HINWEISE<\/strong><\/p><p> <\/p><ul class=\"wp-block-list\"><li>Die Website baselab.ch ist Eigentum von\u00a0<strong>Baselab S\u00e0rl<\/strong>,<\/li> <li>In der Schweiz registriertes Unternehmen unter der Kennung <a href=\"https:\/\/www.uid.admin.ch\/Detail.aspx?uid_id=CHE190544415\" target=\"_blank\" rel=\"noreferrer noopener\">CHE-190.544.415<\/a><\/li> <li>Adresse: Route du Petit-Bois 5B, 1727 Corpataux\/Schweiz<\/li> <li>E-Mail: Bitte verwenden Sie das Formular\u00a0<a href=\"https:\/\/blakrow.com\/contactez-nous\/\">Kontaktdaten<\/a><\/li> <li>Publikationsleiter: Alain Vogel<\/li><\/ul><p> <\/p><p><strong>DATENSCHUTZ<\/strong><\/p><p> <\/p><p>Vielen Dank f\u00fcr Ihr Interesse an unserer Site.<\/p><p> <\/p><p>Der Schutz Ihrer personenbezogenen Daten ist uns ein wichtiges Anliegen. Selbstverst\u00e4ndlich beachten wir die gesetzlichen Bestimmungen der Datenschutz-Grundverordnung (DSGVO) sowie die jeweils geltenden nationalen Datenschutzbestimmungen. Nachfolgend finden Sie Informationen zur Umsetzung des Datenschutzes im BASELAB Onlineshop. Verantwortlich f\u00fcr die nachfolgend beschriebene Datenerhebung und -verarbeitung ist die BASELAB S\u00e0rl, die BASELAB vertritt (weitere Informationen finden Sie im Impressum).<\/p><p> <\/p><p><strong>1. Zweck des Datenschutzes<\/strong><\/p><p> <\/p><p>Gegenstand des Schutzes sind personenbezogene Daten. Dazu geh\u00f6ren sogenannte Stammdaten wie Ihr Name, Ihre Postanschrift, E-Mail-Adresse und Telefonnummer sowie Informationen zu Ihrem Account, aber auch Nutzungsdaten, wie etwa die Uhrzeit Ihres Besuchs auf unserer Seite, der von Ihnen verwendete Browser und weitere Daten, die durch Ihren Besuch auf unserer Seite generiert werden. Ebenfalls erfasst sind Informationen \u00fcber Ihre Teilnahme an den Online-Diensten des BASELAB Online-Shops (wie etwa Spiele, Umfragen, Foren, Chats) sowie der Inhalt Ihrer Warenk\u00f6rbe, Ihre Bestellungen und weitere pers\u00f6nliche Informationen und Anfragen.<\/p><p> <\/p><p>Wir erheben, speichern und nutzen Ihre personenbezogenen Daten ausschlie\u00dflich zur Erf\u00fcllung Ihrer Bestellung oder der von Ihnen gew\u00fcnschten Dienstleistung, auf Grundlage einer gesetzlichen Erlaubnis sowie im Rahmen einer von Ihnen ggf. gesondert erteilten Einwilligung. Wo hierf\u00fcr eine Einwilligung erforderlich ist, ist diese unten gesondert hervorgehoben. Sie k\u00f6nnen Ihre Einwilligung jederzeit mit Wirkung f\u00fcr die Zukunft widerrufen. Welche Folgen dies hat, erfahren Sie nachfolgend bei jeder Einwilligung.<\/p><p> <\/p><p><strong>2. Datensicherheit<\/strong><\/p><p> <\/p><p>Sie k\u00f6nnen uns Ihre personenbezogenen Daten vertrauensvoll mitteilen. Die gesamte Kommunikation \u00fcber den Online-Shop wird mit mindestens 128 Bit verschl\u00fcsselt an uns \u00fcbertragen. In der Regel betr\u00e4gt die Verschl\u00fcsselung sogar 256 Bit. Wir sichern den Online-Shop und Ihre Daten durch technische und organisatorische Ma\u00dfnahmen gegen Besch\u00e4digung, Zerst\u00f6rung, Ver\u00e4nderung oder den Zugriff unberechtigter Personen. Trotz regelm\u00e4\u00dfiger Kontrollen ist ein vollst\u00e4ndiger Schutz gegen alle Gefahren jedoch nicht m\u00f6glich.<\/p><p> <\/p><p>Wenn Sie sich bei uns als Kunde registrieren, ist der Zugang zu Ihrem Kundenkonto nur nach Eingabe Ihres pers\u00f6nlichen Passwortes m\u00f6glich. Sie sind verpflichtet, Ihre Zahlungsinformationen stets vertraulich zu behandeln und das Browserfenster nach Abschluss der Kommunikation mit uns zu schlie\u00dfen, insbesondere wenn Sie den Computer gemeinsam mit anderen nutzen. Auch den unternehmensinternen Datenschutz nehmen wir sehr ernst. Unsere Mitarbeiter und die von uns beauftragten Dienstleistungsunternehmen sind von uns zur Verschwiegenheit und zur Einhaltung der datenschutzrechtlichen Bestimmungen verpflichtet worden.<\/p><p> <\/p><p><strong>3. Nutzungsdaten<\/strong><\/p><p> <\/p><p>F\u00fcr den einfachen Besuch unserer Website ist es nicht erforderlich, dass Sie uns personenbezogene Daten mitteilen. Wir speichern und verwenden lediglich Zugriffsdaten ohne Personenbezug wie etwa Browsertyp, Bildschirmaufl\u00f6sung, Betriebssystem, die Seite, von der aus Sie uns besuchen, die ID eines Werbemittels, \u00fcber das Sie den Online-Shop besuchen, die Art des Ger\u00e4ts, mit dem Sie den Online-Shop besuchen (PC, Smartphone, Smart-TV etc.), Datum und Uhrzeit Ihres Besuchs, die von Ihnen aufgerufenen Seiten, die von Ihnen aufgerufenen Artikel und Ihre Interaktion mit dem Online-Shop oder den Namen der angeforderten Datei. Diese Daten werden zur Verbesserung unseres Angebotes ausgewertet und erlauben keinen R\u00fcckschluss auf Ihre Person.<\/p><p> <\/p><p>Dar\u00fcber hinaus speichern wir die von Ihrem Browser \u00fcbermittelte IP-Adresse f\u00fcr 15 Tage, sofern die Anfrage streng zweckgebunden genutzt wird, zum Zwecke der Nachvollziehbarkeit f\u00fcr technische Analysen sowie f\u00fcr 90 Tage, sofern bei der Anfrage technische Fehler aufgetreten sind oder Anfragen durch Sicherheitsvorschriften blockiert wurden. Diese Speicherung dient dazu, Fehler oder Angriffe zu identifizieren, einzugrenzen und zu beseitigen. Nach Ablauf dieser Frist l\u00f6schen bzw. anonymisieren wir die IP-Adresse. Rechtsgrundlage ist Art. 6 Abs. 1 lit. f) DSGVO.<\/p><p> <\/p><p><strong>4. Verarbeitung von Daten im Zusammenhang mit dem Kauf oder sonstigen Aktionen<\/strong><\/p><p> <\/p><p>Wenn Sie sich als Kunde registrieren, in unserem Online-Shop einkaufen, an einem Gewinnspiel teilnehmen oder sonstige Dienste in Anspruch nehmen m\u00f6chten, ben\u00f6tigen wir Ihre personenbezogenen Daten. Dies ist beispielsweise f\u00fcr die Abwicklung des Kaufvertrages und die Versendung der Waren, die \u00dcbersendung angeforderten Informationsmaterials oder f\u00fcr die Beantwortung individueller Anfragen zu unseren Angeboten und Produkten der Fall. Wir erheben, speichern und nutzen Ihre hierf\u00fcr erforderlichen personenbezogenen Daten nur, soweit dies f\u00fcr die Durchf\u00fchrung des Vertrages oder die Erbringung der Dienstleistung erforderlich ist, eine gesetzliche Erlaubnis vorliegt oder Sie in die weitere Nutzung Ihrer Daten ausdr\u00fccklich eingewilligt haben. Die von Ihnen im Rahmen Ihrer Bestellung angegebenen personenbezogenen Daten speichern und verwenden wir auf Grundlage von Art. 6 Abs. 1 lit. b DSGVO zur Bearbeitung Ihrer Bestellungen oder zur Umsetzung dieser Nutzungsbedingungen. Sie entscheiden selbst \u00fcber Ihre Nutzung unseres Online-Shops.<\/p><p> <\/p><p>Wenn Sie sich im Online-Shop registrieren, speichern wir die hierf\u00fcr erforderlichen Daten auf Grundlage von Art. 6 Abs. 1 lit. b DSGVO bis zur Beendigung des Nutzungsverh\u00e4ltnisses. Sie k\u00f6nnen Ihr Profil jederzeit in Ihrem Account \u00e4ndern oder l\u00f6schen (Beendigung des Nutzungsverh\u00e4ltnisses). Die Daten werden dann aus unserem System gel\u00f6scht, sofern keine Aufbewahrungsfrist besteht oder die Daten in bestimmten F\u00e4llen (z.B. bei Zahlungsausfall im Rahmen eines Inkassoverfahrens) nicht mehr ben\u00f6tigt werden.<\/p><p> <\/p><p>Wir speichern und l\u00f6schen personenbezogene Daten unter Beachtung steuer- und handelsrechtlicher Aufbewahrungsfristen, sobald die Daten f\u00fcr ihre Zweckbestimmung nicht mehr erforderlich sind.<\/p><p> <\/p><p>Nach Ihrer Bestellung verwenden wir Ihren Namen, Ihre Adresse und Ihre Kundennummer f\u00fcr den Versand postalischer Werbung. Rechtsgrundlage hierf\u00fcr ist Art. 6 Abs. 1 lit. f) DSGVO. Ihre E-Mail-Adresse verwenden wir zudem f\u00fcr die Zusendung relevanter Marketinginformationen f\u00fcr maximal ein Jahr nach Ihrem letzten Einkauf. Sollten Sie keine postalische Werbung w\u00fcnschen, k\u00f6nnen Sie uns dies schriftlich, telefonisch oder per E-Mail mitteilen.<\/p><p> <\/p><p><strong>5. Zahlungsdaten<\/strong><\/p><p> <\/p><p>Bei der Zahlungsart Vorkasse, Kauf auf Rechnung oder Lastschrift geben Sie uns \u00fcber den Online-Shop keine direkten Zahlungsdaten bekannt.<\/p><p> <\/p><p>Bei der Zahlungsart Vorkasse speichern wir im Rahmen der Zahlungsabwicklung Ihre Bankverbindungsdaten (IBAN, SWIFT-Code) unter Hinzuf\u00fcgung zu Ihren Kundendaten, um im Falle einer Retoure die \u00dcberzahlung automatisch r\u00fcckg\u00e4ngig machen zu k\u00f6nnen.<\/p><p> <\/p><p>Wenn Sie die Zahlung per Kreditkarte oder Twint w\u00e4hlen, werden die Daten von der gew\u00e4hlten Partner-Zahlungsplattform verarbeitet.<\/p><p> <\/p><p>Das hierf\u00fcr angewandte Prinzip besteht in der \u00dcbermittlung folgender Daten: H\u00e4ndler-ID, Transaktions-ID, Warenkorbbetrag, Bestellnummer und W\u00e4hrung. Hierzu sind je nach Zahlungsart spezifische Schritte und Daten erforderlich.<\/p><p> <\/p><p><strong>6. Daten\u00fcbermittlung an lokale Gesch\u00e4fte<\/strong><\/p><p> <\/p><p>Es findet grunds\u00e4tzlich kein Datenaustausch mit lokalen Filialen statt. Der Onlineshop ist komplett autonom. Ein Datenaustausch findet nur statt, wenn dies zur Leistungserbringung gem\u00e4\u00df Art. 6 Abs. 1 lit. b DSGVO erforderlich ist. Dies ist in folgenden F\u00e4llen der Fall:<\/p><p> <\/p><ol class=\"wp-block-list\" start=\"1\"><li>Sie bestellen online und schicken die Ware in die Filiale zur\u00fcck. Die Filiale erh\u00e4lt das Paket (Ware und Name), aber keine weiteren Daten.<\/li> <li>Sie bestellen einen Artikel \u00fcber den Online-Shop und erhalten die Lieferung direkt nach Hause. Dabei werden alle Daten, die Sie bei einer Online-Bestellung selbst eingeben w\u00fcrden, an uns \u00fcbermittelt.<\/li><\/ol><p> <\/p><p><strong>7. \u00dcbermittlung von Daten an Dritte<\/strong><\/p><p> <\/p><p>Im Rahmen eines Outsourcings gem\u00e4\u00df Art. 28 DSGVO \u00fcbermitteln wir Ihre Daten an Dienstleister, die uns beim Betrieb unserer Website und der damit zusammenh\u00e4ngenden Prozesse unterst\u00fctzen. Unsere Dienstleister sind uns gegen\u00fcber streng weisungsgebunden und vertraglich entsprechend verpflichtet. Wir nutzen die Dienste folgender Dienstleister:<\/p><p> <\/p><ol class=\"wp-block-list\" start=\"1\"><li>Hosting-Dienst;<\/li> <li>Anwendungsentwicklungsdienst;<\/li> <li>Webanalyse-, Tracking- und Remarketing-Anbieter;<\/li> <li>Newsletter-Dienst;<\/li> <li>Lagerleiter;<\/li> <li>Versandservice;<\/li> <li>Zahlungsdienst.<\/li><\/ol><p> <\/p><p>Diese Dienstleister d\u00fcrfen Ihre Daten ausschlie\u00dflich zur Auftragsabwicklung und nicht zu anderen Zwecken nutzen. Eine Weitergabe an auskunftsberechtigte Institutionen und Beh\u00f6rden erfolgt nur im Rahmen der gesetzlichen Auskunftspflichten.<\/p><p> <\/p><p>Wenn Sie sich f\u00fcr die Zustellung durch die Schweizerische Post entscheiden, wird die von Ihnen bei der Bestellung angegebene E-Mail-Adresse von uns an den Spediteur \u00fcbermittelt und im Rahmen der Paketzustellung verwendet, um Sie \u00fcber die Zustellung Ihrer Bestellung zu informieren bzw. Ihnen den voraussichtlichen Zeitpunkt der Paketzustellung mitzuteilen.<\/p><p> <\/p><p>Sie willigen ein, dass wir Ihre E-Mail-Adresse ausschlie\u00dflich zum Zweck der Zustellungsinformation an die Post weitergeben. Im Rahmen dieser Einwilligung stimmen Sie auch der Zusendung entsprechender E-Mails zu. Sie k\u00f6nnen Ihre Einwilligung jederzeit f\u00fcr zuk\u00fcnftige Bestellungen widerrufen, indem Sie eine andere Versandart bei einem anderen Versanddienstleister w\u00e4hlen.<\/p><p> <\/p><p><strong>8. Daten\u00fcbermittlung in Drittl\u00e4nder<\/strong><\/p><p> <\/p><p>Teilweise \u00fcbermitteln wir personenbezogene Daten in ein Drittland au\u00dferhalb der EU (z.B. Google, Facebook). In diesen F\u00e4llen haben wir jeweils ein angemessenes Datenschutzniveau sichergestellt. Der Umfang der Datenverarbeitung und die Ma\u00dfnahmen zur Sicherstellung eines angemessenen Datenschutzniveaus sind unter dem jeweiligen Dienst beschrieben.<\/p><p> <\/p><p><strong>9. Newsletter<\/strong><\/p><p> <\/p><p>Wir bieten Ihnen die M\u00f6glichkeit, auf unserer Webseite unseren Newsletter zu abonnieren. Sofern Sie uns gesondert eine Einwilligung erteilt haben, Sie per E-Mail \u00fcber eigene Produkte und Dienstleistungen zu informieren, verarbeiten wir Ihre Daten hierf\u00fcr gem\u00e4\u00df Art. 6 Abs. 1 lit. a DSGVO.<\/p><p> <\/p><p>M\u00f6glicherweise haben Sie uns im Folgenden bei der Anmeldung zu unserem Newsletter, bei der Registrierung im \u201eMitgliederbereich\u201c oder im Rahmen des Bestellvorgangs eine ausdr\u00fcckliche Einwilligung erteilt. In diesem Fall erfolgt eine Nutzung Ihrer personenbezogenen Daten gem\u00e4\u00df der folgenden Einwilligungserkl\u00e4rung mit einem erweiterten Umfang als zuvor in dieser Datenschutzerkl\u00e4rung angegeben:<\/p><p> <\/p><p><strong>Erlaubnis zum Senden von E-Mails<\/strong><\/p><p> <\/p><p>Ich m\u00f6chte per E-Mail \u00fcber aktuelle Trends, Aktionen und f\u00fcr mich interessante Spiele informiert werden. Meine E-Mail-Adresse darf ausschlie\u00dflich an BASELAB weitergegeben werden.<\/p><p> <\/p><p>Sie erkl\u00e4ren sich ferner damit einverstanden, dass die gespeicherten Informationen zu Geburtsdatum und Ihrer E-Mail-Adresse, wie sie von Ihnen bei der Anmeldung zum Newsletter angegeben wurden (Kundenstammdaten, Kaufdatum) sowie Nutzungsdaten (Nutzung des Online-Shops), zur Personalisierung des Newsletter-Inhalts verwendet werden d\u00fcrfen. Kundenstammdaten sind die beim Kauf eingegebenen Daten (Wohnort, Alter sowie Titel und Eigenschaften). Kaufdaten sind Informationen \u00fcber Ihre get\u00e4tigten Eink\u00e4ufe und beziehen sich auf die gekauften Produkte (Produktgruppen, Preise\/Rabatte, Farbe und Gr\u00f6\u00dfe des Artikels) sowie das Kaufdatum. Nutzungsdaten basieren auf den von Ihnen besuchten Seiten (angesehene Kategorien bzw. Produkte sowie genutzte Funktionen wie Warenkorb, Wunschliste). Zweck der Verarbeitung ist die Zusendung der von Ihnen gew\u00fcnschten E-Mails. Die erhobenen Daten werden dabei ausschlie\u00dflich f\u00fcr den Versand von Werbe-E-Mails an die von Ihnen angegebene und best\u00e4tigte E-Mail-Adresse verwendet, welche auf Ihre pers\u00f6nlichen Interessen und Ihr Verhalten abgestimmte Informationen zu BASELAB, Angeboten und Rabatten etc. enthalten k\u00f6nnen.<\/p><p> <\/p><p>Dar\u00fcber hinaus k\u00f6nnen wir Ihre Daten auch f\u00fcr folgende Zwecke verwenden:<\/p><p> <\/p><ol class=\"wp-block-list\" start=\"1\"><li>interne und externe (Sicherheits-)Kontrollen;<\/li> <li>Entwicklung unserer Systeme und Prozesse;<\/li> <li>Einsatz f\u00fcr Systementwicklung\/Testsystementwicklung;<\/li> <li>Entwicklung von Dienstleistungen und Produkten;<\/li> <li>Steuerung und Optimierung von Ma\u00dfnahmen zur Kundenbedarfsanalyse;<\/li> <li>\u00dcberwachung des Erfolgs der umgesetzten Ma\u00dfnahmen in digitalen Berichtsformularen;<\/li> <li>Verteidigung und Beweisf\u00fchrung im Falle eines Rechtsstreits;<\/li> <li>Offenlegung personenbezogener Daten im Rahmen der Sorgfaltspflicht;<\/li><\/ol><p> <\/p><p><strong>Sie k\u00f6nnen Ihre Einwilligung jederzeit widerrufen, ohne dass die Rechtm\u00e4\u00dfigkeit der bis dahin erfolgten Verarbeitung ber\u00fchrt wird. Wenn Sie Ihre Einwilligung widerrufen, beenden wir die Verarbeitung der betroffenen Daten. Wenn Sie den Newsletter zuk\u00fcnftig nicht mehr erhalten m\u00f6chten, k\u00f6nnen Sie sich jederzeit \u00fcber den Abmeldelink in jeder Newsletter-E-Mail abmelden.<\/strong><\/p><p> <\/p><p><strong>10. Kontaktformular\/Dienste und Online-Bestellung<\/strong><\/p><p> <\/p><p>Sie k\u00f6nnen \u00fcber ein Webformular oder telefonisch mit uns Kontakt aufnehmen. Um Ihre Anfrage Ihrem Kundenkonto zuordnen und Ihre Fragen beantworten zu k\u00f6nnen, ben\u00f6tigen wir Ihren Namen und Ihre E-Mail-Adresse. Weitere Angaben k\u00f6nnen Sie gerne machen, sind hierzu jedoch nicht verpflichtet. Rechtsgrundlage f\u00fcr die Verarbeitung ist Art. 6 Abs. 1 lit. b DSGVO. Wir verwenden Ihre Daten ausschlie\u00dflich zur Bearbeitung Ihrer Anfrage und Abwicklung der Bestellung.<\/p><p> <\/p><p><strong>11. Pers\u00f6nliche Empfehlungen auf unserer Website<\/strong><\/p><p> <\/p><p>Unsere Website zeigt Empfehlungen basierend auf Ihrem Nutzerverhalten an. Die Daten zum Nutzerverhalten basieren auf Artikeln, die Sie zuvor auf unserer Website angesehen, gesucht oder gekauft haben. Diese Daten werden im Empfehlungstool pseudonymisiert gespeichert. Dar\u00fcber hinaus verwenden wir Cookies, um Nutzer wiederzuerkennen und mit Nutzungsdaten zu verkn\u00fcpfen. Ihre personenbezogenen Daten wie Name, Geburtsdatum und Adresse werden in diesem Zusammenhang nicht gespeichert. Das Empfehlungstool erm\u00f6glicht keine Identifizierung Ihrer Person.<\/p><p> <\/p><p>Sie willigen hiermit ein, dass zu den oben beschriebenen Zwecken Cookies auf Ihrem Rechner installiert werden und Nutzungsdaten \u00fcber Sie erhoben, gespeichert und genutzt werden. Sie willigen auch ein, dass Ihre Daten in Cookies \u00fcber die Dauer der Sitzung hinaus gespeichert und beispielsweise bei Ihrem n\u00e4chsten Besuch der Website wieder abgerufen werden k\u00f6nnen.<\/p><p> <\/p><p>Sie k\u00f6nnen diese Einwilligung jederzeit mit Wirkung f\u00fcr die Zukunft widerrufen, indem Sie in Ihren Browsereinstellungen die Annahme von Cookies ablehnen. Sie k\u00f6nnen Ihren Browser so konfigurieren, dass Cookies nur mit Ihrer Zustimmung gespeichert werden. Wir weisen Sie darauf hin, dass der Widerruf Ihrer Einwilligung zur Speicherung und Verarbeitung von Cookies nur f\u00fcr den Computer und Browser gilt, auf dem die Einstellung vorgenommen wird. Bitte beachten Sie, dass wir Ihnen dann keine personalisierten Produktempfehlungen mehr auf der Website anbieten k\u00f6nnen.<\/p><p> <\/p><p><strong>12. Eigene und Drittanbieter-Cookies<\/strong><\/p><p> <\/p><p>Basierend auf Ihrer Einwilligung erheben und speichern wir Informationen dar\u00fcber, wie Sie unser Angebot nutzen. Diese Informationen erm\u00f6glichen es uns, Ihnen ein m\u00f6glichst personalisiertes und benutzerfreundliches Angebot zu unterbreiten. Diese Cookies sind f\u00fcr die Vertragserf\u00fcllung gem\u00e4\u00df Art. 6 (1) (b) DSGVO erforderlich. Andere Cookies (wie z. B. Tracking- oder Remarketing-Cookies) werden verwendet, um unsere berechtigten Interessen an der bestm\u00f6glichen Funktionalit\u00e4t der Website sowie einer benutzerfreundlichen und effektiven Ausgestaltung des Seitenbesuchs gem\u00e4\u00df Art. 6 (1) (f) DSGVO zu wahren. Wir verwenden Cookies, kleine Textdateien, die Ihr Browser auf Ihrem Computer oder Mobiltelefon speichert. Ein Cookie selbst enth\u00e4lt oder sammelt keine pers\u00f6nlichen Informationen \u00fcber Sie oder Ihre Internetnutzung. Sie sind jedoch wichtig, um beispielsweise das Besucherverhalten auf unserer Website zu analysieren, personalisierte Angebote anzuzeigen oder registrierte Benutzer f\u00fcr die Dauer ihres Besuchs angemeldet zu halten. Cookies erm\u00f6glichen es der Website, sich an Sie zu \u201eerinnern\u201c, entweder f\u00fcr die Dauer Ihres aktuellen Besuchs (\u201eSession-Cookie\u201c) oder f\u00fcr mehrere Besuche (\u201epersistentes Cookie\u201c). Ihre Hauptaufgabe besteht darin, Ihnen eine effizientere Nutzung unserer Website zu erm\u00f6glichen und bestimmte Funktionen auf der Website zu erm\u00f6glichen.<\/p><p><\/p>\t\t\t\t\t\t\t\t<\/div>\n\t\t\t\t\t<\/div>\n\t\t\t\t<\/div>\n\t\t\t\t<\/div>","protected":false},"excerpt":{"rendered":"<p>DATENSCHUTZ<\/p>\n<p>Vielen Dank f\u00fcr Ihr Interesse an unserer Site.<\/p>\n<p>Der Schutz Ihrer personenbezogenen Daten ist uns ein wichtiges Anliegen. Selbstverst\u00e4ndlich beachten wir die gesetzlichen Bestimmungen der Datenschutz-Grundverordnung (DSGVO) sowie die jeweils geltenden nationalen Datenschutzbestimmungen. Nachfolgend finden Sie Informationen zur Umsetzung des Datenschutzes im BASELAB Onlineshop. Verantwortlich f\u00fcr die nachfolgend beschriebene Datenerhebung und -verarbeitung ist die BASELAB S\u00e0rl, die BASELAB vertritt (weitere Informationen finden Sie im Impressum).<\/p>","protected":false},"author":1,"featured_media":149,"parent":0,"menu_order":0,"comment_status":"closed","ping_status":"closed","template":"","meta":{"footnotes":""},"class_list":["post-153","page","type-page","status-publish","has-post-thumbnail","hentry"],"jetpack_sharing_enabled":true,"_links":{"self":[{"href":"https:\/\/lafabrick.ch\/de\/wp-json\/wp\/v2\/pages\/153","targetHints":{"allow":["GET"]}}],"collection":[{"href":"https:\/\/lafabrick.ch\/de\/wp-json\/wp\/v2\/pages"}],"about":[{"href":"https:\/\/lafabrick.ch\/de\/wp-json\/wp\/v2\/types\/page"}],"author":[{"embeddable":true,"href":"https:\/\/lafabrick.ch\/de\/wp-json\/wp\/v2\/users\/1"}],"replies":[{"embeddable":true,"href":"https:\/\/lafabrick.ch\/de\/wp-json\/wp\/v2\/comments?post=153"}],"version-history":[{"count":7,"href":"https:\/\/lafabrick.ch\/de\/wp-json\/wp\/v2\/pages\/153\/revisions"}],"predecessor-version":[{"id":179,"href":"https:\/\/lafabrick.ch\/de\/wp-json\/wp\/v2\/pages\/153\/revisions\/179"}],"wp:featuredmedia":[{"embeddable":true,"href":"https:\/\/lafabrick.ch\/de\/wp-json\/wp\/v2\/media\/149"}],"wp:attachment":[{"href":"https:\/\/lafabrick.ch\/de\/wp-json\/wp\/v2\/media?parent=153"}],"curies":[{"name":"wp","href":"https:\/\/api.w.org\/{rel}","templated":true}]}}