{"id":147,"date":"2025-09-11T07:43:10","date_gmt":"2025-09-11T07:43:10","guid":{"rendered":"https:\/\/lafabrick.ch\/?page_id=147"},"modified":"2025-09-11T07:53:32","modified_gmt":"2025-09-11T07:53:32","slug":"conditions-generales-de-vente","status":"publish","type":"page","link":"https:\/\/lafabrick.ch\/de\/conditions-generales-de-vente\/","title":{"rendered":"Allgemeine Verkaufsbedingungen"},"content":{"rendered":"<div data-elementor-type=\"wp-page\" data-elementor-id=\"147\" class=\"elementor elementor-147\" data-elementor-post-type=\"page\">\n\t\t\t\t<div class=\"elementor-element elementor-element-d128de6 e-flex e-con-boxed e-con e-parent\" data-id=\"d128de6\" data-element_type=\"container\" data-e-type=\"container\">\n\t\t\t\t\t<div class=\"e-con-inner\">\n\t\t\t\t<div class=\"elementor-element elementor-element-c6cabff elementor-widget elementor-widget-spacer\" data-id=\"c6cabff\" data-element_type=\"widget\" data-e-type=\"widget\" data-widget_type=\"spacer.default\">\n\t\t\t\t\t\t\t<div class=\"elementor-spacer\">\n\t\t\t<div class=\"elementor-spacer-inner\"><\/div>\n\t\t<\/div>\n\t\t\t\t\t\t<\/div>\n\t\t\t\t<div class=\"elementor-element elementor-element-d3f0344 elementor-widget elementor-widget-heading\" data-id=\"d3f0344\" data-element_type=\"widget\" data-e-type=\"widget\" data-widget_type=\"heading.default\">\n\t\t\t\t\t<h2 class=\"elementor-heading-title elementor-size-default\">ALLGEMEINE VERKAUFSBEDINGUNGEN<\/h2>\t\t\t\t<\/div>\n\t\t\t\t\t<\/div>\n\t\t\t\t<\/div>\n\t\t<div class=\"elementor-element elementor-element-59e2e60 e-flex e-con-boxed e-con e-parent\" data-id=\"59e2e60\" data-element_type=\"container\" data-e-type=\"container\">\n\t\t\t\t\t<div class=\"e-con-inner\">\n\t\t\t\t<div class=\"elementor-element elementor-element-b7ca6f3 elementor-widget elementor-widget-spacer\" data-id=\"b7ca6f3\" data-element_type=\"widget\" data-e-type=\"widget\" data-widget_type=\"spacer.default\">\n\t\t\t\t\t\t\t<div class=\"elementor-spacer\">\n\t\t\t<div class=\"elementor-spacer-inner\"><\/div>\n\t\t<\/div>\n\t\t\t\t\t\t<\/div>\n\t\t\t\t<div class=\"elementor-element elementor-element-6a13477 elementor-widget elementor-widget-text-editor\" data-id=\"6a13477\" data-element_type=\"widget\" data-e-type=\"widget\" data-widget_type=\"text-editor.default\">\n\t\t\t\t\t\t\t\t\t<p>Diese Geschenke\u00a0<strong>Allgemeine Verkaufsbedingungen<\/strong> regeln die Gesch\u00e4ftsbeziehungen zwischen BASELAB S\u00c0RL, Route du Petit-Bois 5B, 1727 Corpataux, und jeder nat\u00fcrlichen oder juristischen Person, im Folgenden K\u00e4ufer genannt, die einen Kauf auf der Website https:\/\/lafabrick.ch t\u00e4tigen m\u00f6chte<\/p><p><!-- \/wp:paragraph --><!-- wp:paragraph --><\/p><p>BASELAB S\u00c0RL beh\u00e4lt sich das Recht vor, die nachstehenden Allgemeinen Verkaufsbedingungen jederzeit zu \u00e4ndern. Es gilt die Version, die am Tag der Bestellung auf der Website in Kraft ist.<\/p><p><!-- \/wp:paragraph --><!-- wp:paragraph --><\/p><p><strong>ARTIKEL 1:<\/strong>\u00a0DER K\u00c4UFER<\/p><p><!-- \/wp:paragraph --><!-- wp:paragraph --><\/p><p>Der K\u00e4ufer muss ein Fachmann oder eine Einzelperson mit mindestens <strong>unter 18<\/strong>\u00a0und sind gesch\u00e4ftsf\u00e4hig, um online unter https:\/\/baselab.ch eine Bestellung aufzugeben<\/p><p><!-- \/wp:paragraph --><!-- wp:paragraph --><\/p><p>Der K\u00e4ufer muss sicherstellen, dass seine pers\u00f6nlichen Daten korrekt und vollst\u00e4ndig sind. BASELAB S\u00c0RL kann nicht f\u00fcr die Unm\u00f6glichkeit der Lieferung der Bestellung verantwortlich gemacht werden, wenn die Daten des K\u00e4ufers fehlerhaft oder unvollst\u00e4ndig sind.<\/p><p><!-- \/wp:paragraph --><!-- wp:paragraph --><\/p><p>BASELAB S\u00c0RL beh\u00e4lt sich das Recht vor, eine Bestellung zu stornieren, wenn Zweifel an der Gutgl\u00e4ubigkeit des K\u00e4ufers bestehen.<\/p><p><!-- \/wp:paragraph --><!-- wp:paragraph --><\/p><p><strong>ARTIKEL 2:<\/strong>\u00a0DIE KOSTEN<\/p><p><!-- \/wp:paragraph --><!-- wp:paragraph --><\/p><p>Die Produktpreise verstehen sich in Schweizer Franken inklusive aller Steuern und exklusive Versandkosten. Versandkosten und Mehrwertsteuer werden vor der Best\u00e4tigung der Bestellung durch den K\u00e4ufer angezeigt.<\/p><p><!-- \/wp:paragraph --><!-- wp:paragraph --><\/p><p>Alle Verk\u00e4ufe sind in Schweizer Franken zu bezahlen, unabh\u00e4ngig davon, wo die Bestellung aufgegeben wird.<\/p><p><!-- \/wp:paragraph --><!-- wp:paragraph --><\/p><p>BASELAB S\u00c0RL beh\u00e4lt sich das Recht vor, seine Preise jederzeit zu \u00e4ndern. Die Produkte werden zu den zum Zeitpunkt der Bestellung angezeigten Preisen in Rechnung gestellt.<\/p><p><!-- \/wp:paragraph --><!-- wp:paragraph --><\/p><p><strong>ARTIKEL 3:<\/strong>\u00a0DIE PRODUKTE<\/p><p><!-- \/wp:paragraph --><!-- wp:paragraph --><\/p><p>Die von BASELAB S\u00c0RL zum Verkauf angebotenen Produkte werden mit ihren wesentlichen Eigenschaften detailliert dargestellt. Diese Eigenschaften und Fotos dienen ausschlie\u00dflich zu Informationszwecken und entsprechen den von BASELAB S\u00c0RL bereitgestellten Informationen. Es liegt in der Verantwortung des K\u00e4ufers, sich \u00fcber die Eigenschaften der Produkte und die Empfehlungen zu informieren. Die abgebildeten Fotos und Texte, die die pr\u00e4sentierten Produkte illustrieren, sind nicht vertraglich bindend. Folglich kann der Verk\u00e4ufer nicht f\u00fcr fotografische Fehler oder unbeabsichtigte Fehler in den ver\u00f6ffentlichten Texten oder f\u00fcr m\u00f6gliche Vorf\u00e4lle und besondere Sch\u00e4den, gesundheitliche oder hygienische Probleme, die sich aus der Verwendung der Produkte ergeben, haftbar gemacht werden. Der K\u00e4ufer erkennt an, dass die Verwendung dieses Produkts auf eigenes Risiko erfolgt.<\/p><p><!-- \/wp:paragraph --><!-- wp:paragraph --><\/p><p>Ebenso wenig kann BASELAB S\u00c0RL im Falle eines \u00fcberm\u00e4\u00dfigen Verbrauchs oder einer Nichtbeachtung der bestimmungsgem\u00e4\u00dfen Verwendung der Produkte haftbar gemacht werden.<\/p><p><!-- \/wp:paragraph --><!-- wp:paragraph --><\/p><p>Es wird daran erinnert, dass elektronische Zigaretten f\u00fcr Minderj\u00e4hrige verboten sind und nicht f\u00fcr schwangere oder stillende Frauen sowie f\u00fcr Menschen mit Herz-Kreislauf-Erkrankungen, Epilepsie, Asthma oder Nikotinempfindlichkeit empfohlen werden. Es wird auch daran erinnert, dass elektronische Zigaretten keine anerkannte Methode zur Raucherentw\u00f6hnung sind.<\/p><p><!-- \/wp:paragraph --><!-- wp:paragraph --><\/p><p>Die angebotenen Produkte entsprechen der geltenden Schweizer Gesetzgebung und den in der Schweiz und Europa geltenden Normen. BASELAB S\u00c0RL kann nicht haftbar gemacht werden, wenn die Gesetzgebung des Landes, in dem das Produkt geliefert oder konsumiert wird, nicht eingehalten wird.<\/p><p><!-- \/wp:paragraph --><!-- wp:paragraph --><\/p><p>Die angebotenen Produkte gelten in der Schweiz als Tabakprodukte. Sie unterliegen dem Gesetz LPTab 818.32.<\/p><p><!-- \/wp:paragraph --><!-- wp:paragraph --><\/p><p>BASELAB S\u00c0RL beh\u00e4lt sich ausdr\u00fccklich das Eigentum an der gelieferten Ware bis zur vollst\u00e4ndigen Bezahlung des Kaufpreises vor. Diese Bestimmung hebt die unten genannte Haftungsklausel ab dem Zeitpunkt der \u00dcbergabe der Bestellung an den K\u00e4ufer nicht auf. BASELAB S\u00c0RL haftet nicht f\u00fcr Verluste oder Sch\u00e4den ab dem Zeitpunkt, an dem die Bestellung das Haus verl\u00e4sst.<\/p><p><!-- \/wp:paragraph --><!-- wp:paragraph --><\/p><p><strong>ARTIKEL 4:<\/strong>\u00a0DIE BESTELLUNG<\/p><p><!-- \/wp:paragraph --><!-- wp:paragraph --><\/p><p>Bei der ersten Bestellung muss der K\u00e4ufer ein Online-Konto mit seinen pers\u00f6nlichen Daten erstellen. Der K\u00e4ufer muss daf\u00fcr sorgen, dass diese stets aktuell sind. Mit der Best\u00e4tigung seiner Bestellung akzeptiert der K\u00e4ufer den Preis und die Eigenschaften der auf der Website https:\/\/lafabrick.ch pr\u00e4sentierten Produkte.<\/p><p><!-- \/wp:paragraph --><!-- wp:paragraph --><\/p><p>Mit der Best\u00e4tigung seiner Bestellung best\u00e4tigt der K\u00e4ufer, dass er die Allgemeinen Verkaufsbedingungen gelesen hat und diese vorbehaltlos und uneingeschr\u00e4nkt akzeptiert.<\/p><p><!-- \/wp:paragraph --><!-- wp:paragraph --><\/p><p>Nach der Best\u00e4tigung der Bestellung erh\u00e4lt der K\u00e4ufer per E-Mail eine Best\u00e4tigung mit einer Zusammenfassung seiner Bestellung.<\/p><p><!-- \/wp:paragraph --><!-- wp:paragraph --><\/p><p>Die aufgezeichneten Transaktionsdaten stellen den Nachweis aller Handelsgesch\u00e4fte mit dem K\u00e4ufer dar. BASELAB S\u00c0RL beh\u00e4lt sich das Recht vor, vom K\u00e4ufer unabh\u00e4ngig vom Betrag einen Adress- und\/oder Identit\u00e4tsnachweis anzufordern, um Betrug vorzubeugen.<\/p><p><!-- \/wp:paragraph --><!-- wp:paragraph --><\/p><p>Die w\u00e4hrend und nach dem Zahlungsvorgang erfassten Informationen stellen einen Nachweis aller finanziellen Transaktionen zwischen BASELAB S\u00c0RL und dem K\u00e4ufer dar.<\/p><p><!-- \/wp:paragraph --><!-- wp:paragraph --><\/p><p><strong>ARTIKEL 5:<\/strong>\u00a0VERF\u00dcGBARKEIT<\/p><p><!-- \/wp:paragraph --><!-- wp:paragraph --><\/p><p>Produkte werden angeboten, solange der Vorrat reicht.<\/p><p><!-- \/wp:paragraph --><!-- wp:paragraph --><\/p><p>Sollte das Produkt zum Zeitpunkt der Bestellung nicht verf\u00fcgbar sein, informiert BASELAB S\u00c0RL den K\u00e4ufer per E-Mail, Post oder Telefon. Der K\u00e4ufer hat dann die M\u00f6glichkeit, seine Bestellung zu stornieren oder umzutauschen. Bei vollst\u00e4ndiger Nichtverf\u00fcgbarkeit wird die Bestellung storniert und der Betrag auf das belastete Bankkonto zur\u00fcckerstattet. Bei Teillieferungen wird nur der Betrag der gelieferten Ware ber\u00fccksichtigt und der Restbetrag dem K\u00e4ufer entweder in Form einer Gutschrift oder durch Gutschrift auf sein Bankkonto erstattet.<\/p><p><!-- \/wp:paragraph --><!-- wp:paragraph --><\/p><p><strong>ARTIKEL 6:<\/strong>\u00a0ZAHLUNG<\/p><p><!-- \/wp:paragraph --><!-- wp:paragraph --><\/p><p>Die Bezahlung der Produkte erfolgt in bar am Tag der Bestellung. Skonto wird nicht gew\u00e4hrt.<\/p><p><!-- \/wp:paragraph --><!-- wp:paragraph --><\/p><p>Alle Bestellungen werden in Schweizer Franken inklusive aller Steuern angegeben.<\/p><p><!-- \/wp:paragraph --><!-- wp:paragraph --><\/p><p>BASELAB S\u00c0RL beh\u00e4lt sich das Recht vor, jede Bestellung und\/oder Lieferung, unabh\u00e4ngig von ihrer Art und Ausf\u00fchrungsstufe, im Falle der Nichtzahlung eines vom K\u00e4ufer geschuldeten Betrags, im Falle eines Zahlungsvorfalls oder im Falle eines bestehenden Streits mit dem K\u00e4ufer auszusetzen oder zu stornieren.<\/p><p><!-- \/wp:paragraph --><!-- wp:paragraph --><\/p><p>Die vom K\u00e4ufer best\u00e4tigte Bestellung gilt erst dann als wirksam, wenn die Zahlung von der f\u00fcr die Zahlungsl\u00f6sungen der Website zust\u00e4ndigen Firma oder auf dem Rechnungskonto von BASELAB S\u00c0RL best\u00e4tigt wird. Im Falle einer Ablehnung wird die Bestellung automatisch storniert.<\/p><p><!-- \/wp:paragraph --><!-- wp:paragraph --><\/p><p>Im Rahmen der Bek\u00e4mpfung von Internetbetrug k\u00f6nnen Informationen zu Ihrer Bestellung zur \u00dcberpr\u00fcfung an Dritte weitergegeben werden.<\/p><p><!-- \/wp:paragraph --><!-- wp:paragraph --><\/p><p>BASELAB S\u00c0RL speichert keine Bankdaten.<\/p><p><!-- \/wp:paragraph --><!-- wp:paragraph --><\/p><p>Die Bezahlung erfolgt ausschlie\u00dflich per Twint.<\/p><p><!-- \/wp:paragraph --><!-- wp:paragraph --><\/p><p>Die Belastung des Kontos des K\u00e4ufers erfolgt am Tag der Bestellung oder einige Tage sp\u00e4ter entsprechend den Fristen des Zahlungsdienstleisters.<\/p><p><!-- \/wp:paragraph --><!-- wp:paragraph --><\/p><p><strong>ARTIKEL 7:<\/strong>\u00a0LIEFERUNG<\/p><p><!-- \/wp:paragraph --><!-- wp:paragraph --><\/p><p>Die Produkte werden an die vom K\u00e4ufer beim Kauf auf der Website angegebene Adresse geliefert, die sich ausschlie\u00dflich im angegebenen geografischen Gebiet befinden kann. Der K\u00e4ufer muss sicherstellen, dass seine Kontaktdaten korrekt und vollst\u00e4ndig sind.<\/p><p><!-- \/wp:paragraph --><!-- wp:paragraph --><\/p><p>Bei Nichteinhaltung der oben und unten beschriebenen Verfahren werden Anspr\u00fcche des K\u00e4ufers nicht anerkannt.<\/p><p><!-- \/wp:paragraph --><!-- wp:paragraph --><\/p><p>Die Lieferung der Artikel erfolgt per Spediteur oder Post. Bei Abwesenheit erh\u00e4lt der K\u00e4ufer oder Empf\u00e4nger des bestellten Produkts eine Lieferbenachrichtigung, die es ihm erm\u00f6glicht, sich am n\u00e4chsten Werktag mit dem Spediteur f\u00fcr eine erneute Zustellung oder am angegebenen Postschalter in Verbindung zu setzen. Nach einer Frist von 15 Tagen wird das Paket an den Absender zur\u00fcckgeschickt. Ein Widerspruch bez\u00fcglich der Lieferung selbst ist nicht m\u00f6glich, wenn das Paket scheinbar zugestellt wurde. Dies wird durch das Computersystem des Spediteurs oder der Post anhand der zugewiesenen Trackingnummer nachgewiesen.<\/p><p><!-- \/wp:paragraph --><!-- wp:paragraph --><\/p><p>Die Waren reisen auf Risiko und Gefahr des Empf\u00e4ngers, der bei der Lieferung f\u00fcr die \u00dcberpr\u00fcfung auf Sch\u00e4den und\/oder fehlende Artikel verantwortlich ist. Im Falle einer offensichtlichen Anomalie am Paket (einschlie\u00dflich besch\u00e4digtes Paket, offenes Paket, Fl\u00fcssigkeitsspuren usw.) darf der K\u00e4ufer oder Empf\u00e4nger der bestellten Produkte das Paket nicht \u00f6ffnen, sondern wird gebeten, bei der Lieferung des Pakets eine \u201eDiebstahlmeldung\u201c zu erstellen. Jede Lieferung, f\u00fcr die die Vorbehalte nicht innerhalb von 3 Tagen nach Erhalt per Einschreiben mit R\u00fcckschein best\u00e4tigt wurden, wovon eine Kopie gleichzeitig an BASELAB S\u00c0RL gesendet wird, gilt als vom Kunden angenommen. Der K\u00e4ufer muss diese Vorf\u00e4lle dem Verk\u00e4ufer innerhalb von 48 Stunden unter Angabe der Bestellnummer melden.<\/p><p><!-- \/wp:paragraph --><!-- wp:paragraph --><\/p><p>Die angegebenen Lieferzeiten dienen ausschlie\u00dflich zu Informationszwecken und sind indikativ. Sie h\u00e4ngen insbesondere von der Verf\u00fcgbarkeit der Spediteure und der Reihenfolge des Bestelleingangs ab. Ausgenommen hiervon sind F\u00e4lle h\u00f6herer Gewalt oder Umst\u00e4nde, die au\u00dferhalb der Kontrolle des Verk\u00e4ufers liegen, wie z. B. Streiks, Frost, Feuer, Sturm, \u00dcberschwemmung, Epidemien, Versorgungsschwierigkeiten (diese Aufz\u00e4hlung ist jedoch nicht abschlie\u00dfend). Lieferverz\u00f6gerungen berechtigen nicht zu Vertragsstrafen oder Entsch\u00e4digungen und sind auch kein Grund zur Stornierung der Bestellung.<\/p><p><!-- \/wp:paragraph --><!-- wp:paragraph --><\/p><p>Eine Verz\u00f6gerung im Vergleich zu den urspr\u00fcnglich geplanten, indikativen Lieferzeiten rechtfertigt nicht die Stornierung der vom K\u00e4ufer aufgegebenen und auf der Website https:\/\/lafabrick.ch registrierten Bestellung.<\/p><p><!-- \/wp:paragraph --><!-- wp:paragraph --><\/p><p>Die Versandkosten werden in der Kauf\u00fcbersicht automatisch berechnet und sind im Gesamtbetrag enthalten.<\/p><p><!-- \/wp:paragraph --><!-- wp:paragraph --><\/p><p>BASELAB S\u00c0RL beh\u00e4lt sich das Recht vor, Sendungen aufzuteilen, falls bestimmte Artikel nicht verf\u00fcgbar sind.<\/p><p><!-- \/wp:paragraph --><!-- wp:paragraph --><\/p><p>BASELAB S\u00c0RL kann nicht f\u00fcr die Folgen einer Lieferverz\u00f6gerung verantwortlich gemacht werden. Im Falle einer Lieferverz\u00f6gerung wird dem K\u00e4ufer eine E-Mail zugesandt.<\/p><p><!-- \/wp:paragraph --><!-- wp:paragraph --><\/p><p><strong>ARTIKEL 8:<\/strong>\u00a0VERSANDKOSTEN<\/p><p><!-- \/wp:paragraph --><!-- wp:paragraph --><\/p><p>In den Versandkosten ist ein Beitrag zu den Vorbereitungs- und Verpackungskosten sowie zu den Portokosten enthalten.<\/p><p><!-- \/wp:paragraph --><!-- wp:paragraph --><\/p><p><strong>ARTIKEL 9:<\/strong>\u00a0\u00a0GARANTIE &amp; R\u00dcCKGABE<\/p><p><!-- \/wp:paragraph --><!-- wp:paragraph --><\/p><p><strong>Garantie<\/strong><\/p><p><!-- \/wp:paragraph --><!-- wp:paragraph --><\/p><p>F\u00fcr Produkte von BASELAB S\u00c0RL gilt die gesetzliche Garantie gegen versteckte M\u00e4ngel und Vertragswidrigkeiten. Aus diesem Grund k\u00f6nnen nur Produkte mit einem nachgewiesenen versteckten Mangel zur\u00fcckgegeben werden. Der Kunde, der erkl\u00e4rt, dass sein Produkt einen versteckten Mangel aufweist, muss einen Nachweis erbringen. Best\u00e4tigt das Gutachten das Vorliegen eines versteckten Mangels, muss das Originaldokument schnellstm\u00f6glich an den Kundendienst von BASELAB S\u00c0RL gesendet werden. Nach Erhalt des Dokuments erhalten Sie vom Kundendienst eine schriftliche Best\u00e4tigung mit den zu befolgenden Anweisungen und der R\u00fccksendeadresse f\u00fcr Ihr Produkt. Die Kosten f\u00fcr die R\u00fccksendung des Produkts tr\u00e4gt der Kunde. Die Annahme der R\u00fccksendung erfolgt, nachdem BASELAB S\u00c0RL den versteckten Mangel festgestellt hat. Nach Annahme der R\u00fccksendung wird das Produkt auf Kosten von BASELAB S\u00c0RL umgetauscht.<\/p><p><!-- \/wp:paragraph --><!-- wp:paragraph --><\/p><p><strong>R\u00fcckgaben<\/strong><\/p><p><!-- \/wp:paragraph --><!-- wp:paragraph --><\/p><p>R\u00fccksendungen werden nur akzeptiert, wenn das Produkt unge\u00f6ffnet ist (Zellophan intakt) und erfolgen auf Kosten des Kunden. E-Liquids werden aus offensichtlichen hygienischen Gr\u00fcnden nicht akzeptiert, au\u00dfer in F\u00e4llen, in denen sie defekt sind. Bitte kontaktieren Sie uns in jedem Fall per E-Mail oder Telefon, bevor Sie ein Produkt zur\u00fccksenden.<\/p><p><!-- \/wp:paragraph --><!-- wp:paragraph --><\/p><p><strong>ARTIKEL 11:<\/strong>\u00a0VERANTWORTUNG<\/p><p><!-- \/wp:paragraph --><!-- wp:paragraph --><\/p><p>BASELAB S\u00c0RL kann nicht f\u00fcr die Nichterf\u00fcllung des Vertrags verantwortlich gemacht werden, wenn es aufgrund h\u00f6herer Gewalt, St\u00f6rungen oder eines vollst\u00e4ndigen oder teilweisen Streiks, insbesondere der Postdienste und Transport- und\/oder Kommunikationsmittel, zu Lagerengp\u00e4ssen oder einer Nichtverf\u00fcgbarkeit des Produkts kommt, sowie aufgrund von \u00dcberschwemmungen oder Br\u00e4nden, die die Auslieferung der Bestellung verhindern oder zu ihrer Vernichtung f\u00fchren k\u00f6nnen.<\/p><p><!-- \/wp:paragraph --><!-- wp:paragraph --><\/p><p>Alle von BASELAB S\u00c0RL vertriebenen Produkte dienen der Reproduktion von Dampfinhalationen. Da keine wissenschaftlichen Studien zu den m\u00f6glichen Nebenwirkungen der Aufnahme bestimmter Substanzen durchgef\u00fchrt wurden, erkl\u00e4rt der K\u00e4ufer, dass er diese Produkte gem\u00e4\u00df den Nutzungsbedingungen und auf eigene Verantwortung verwendet. BASELAB S\u00c0RL haftet daher nicht f\u00fcr Gesundheits- oder Sicherheitsprobleme seiner Kunden oder f\u00fcr etwaige Vorf\u00e4lle oder besondere Sch\u00e4den, die sich aus der Verwendung der Produkte ergeben.<\/p><p><!-- \/wp:paragraph --><!-- wp:paragraph --><\/p><p>BASELAB S\u00c0RL kann nicht haftbar gemacht werden, wenn die Produkte nicht bestimmungsgem\u00e4\u00df (oder im Falle der Verwendung anderer Produkte) verwendet werden, insbesondere nicht gem\u00e4\u00df der Bedienungsanleitung und den auf den Produktpr\u00e4sentationsseiten der Website angegebenen Merkmalen.<\/p><p><!-- \/wp:paragraph --><!-- wp:paragraph --><\/p><p>Die auf der Website enthaltenen Fotos und Informationen, die die pr\u00e4sentierten Produkte veranschaulichen, sind nicht vertraglich bindend. Obwohl sie als zuverl\u00e4ssig gelten, kann BASELAB S\u00c0RL im Falle von Fehlern in Fotos oder Texten nicht haftbar gemacht werden.<\/p><p><!-- \/wp:paragraph --><!-- wp:paragraph --><\/p><p>Bei gewerblichen K\u00e4ufen \u00fcbernimmt BASELAB S\u00c0RL keine Haftung f\u00fcr indirekte Sch\u00e4den, die sich aus diesen Bedingungen ergeben, wie Gesch\u00e4ftsverluste, entgangene Gewinne, entgangene Chancen, Sch\u00e4den oder Kosten, die durch den Kauf der Produkte entstehen k\u00f6nnen.<\/p><p><!-- \/wp:paragraph --><!-- wp:paragraph --><\/p><p>BASELAB S\u00c0RL ist im Online-Verkaufsprozess nur an eine Sorgfaltspflicht gebunden; sie kann nicht f\u00fcr Sch\u00e4den haftbar gemacht werden, die sich aus der Nutzung des Internet-Netzwerks ergeben, wie etwa Datenverlust, Eindringen, Viren, Dienstunterbrechung oder andere unfreiwillige Probleme.<\/p><p><!-- \/wp:paragraph --><!-- wp:paragraph --><\/p><p><strong>ARTIKEL 12:<\/strong>\u00a0SCHUTZ PERSONENBEZOGENER DATEN<\/p><p><!-- \/wp:paragraph --><!-- wp:paragraph --><\/p><p>BASELAB S\u00c0RL verpflichtet sich, die vom K\u00e4ufer bereitgestellten Informationen nicht an Dritte weiterzugeben. Diese Informationen bleiben vertraulich. Sie werden ausschlie\u00dflich zur Bearbeitung Ihrer Bestellung und zur Kommunikation zwischen BASELAB S\u00c0RL und seinen Kunden verwendet.<\/p><p><!-- \/wp:paragraph --><!-- wp:paragraph --><\/p><p><strong>ARTIKEL 13:<\/strong>\u00a0ANWENDBARES RECHT UND GERICHTSSTAND<\/p><p><!-- \/wp:paragraph --><!-- wp:paragraph --><\/p><p>Die Allgemeinen Gesch\u00e4ftsbedingungen der BASELAB S\u00c0RL sind in franz\u00f6sischer Sprache verfasst und unterliegen schweizerischem Recht. F\u00fcr alle Streitigkeiten, die sich aus diesen Allgemeinen Gesch\u00e4ftsbedingungen ergeben, ist das Gericht am Sitz unserer Firma zust\u00e4ndig.<\/p><p><!-- \/wp:paragraph --><!-- wp:paragraph --><\/p><p><strong>ARTIKEL 14:<\/strong>\u00a0GEISTIGES EIGENTUM<\/p><p><!-- \/wp:paragraph --><!-- wp:paragraph --><\/p><p>Alle Elemente der Website https:\/\/lafabrick.ch (Bilder, Texte, Videos, Kommentare, Grafikcharta usw.) sind geistiges und ausschlie\u00dfliches Eigentum von BASELAB S\u00c0RL. Jede andere Verwendung stellt eine F\u00e4lschung dar und wird nach dem Gesetz \u00fcber geistiges Eigentum strafbar, sofern keine vorherige Genehmigung von BASELAB S\u00c0RL vorliegt. Alle Rechte vorbehalten.<\/p><p><!-- \/wp:paragraph --><\/p>\t\t\t\t\t\t\t\t<\/div>\n\t\t\t\t\t<\/div>\n\t\t\t\t<\/div>\n\t\t\t\t<\/div>","protected":false},"excerpt":{"rendered":"<p>Les pr\u00e9sentes\u00a0conditions g\u00e9n\u00e9rales de vente r\u00e9gissent les relations commerciales entre BASELAB S\u00c0RL, sis \u00e0 Route du Petit-Bois 5B, 1727 Corpataux, et toute personne physique et morale, ci-dessous d\u00e9nomm\u00e9e l\u2019acheteur, souhaitant effectuer un achat sur le site internet https:\/\/lafabrick.ch<\/p>","protected":false},"author":1,"featured_media":149,"parent":0,"menu_order":0,"comment_status":"closed","ping_status":"closed","template":"","meta":{"footnotes":""},"class_list":["post-147","page","type-page","status-publish","has-post-thumbnail","hentry"],"jetpack_sharing_enabled":true,"_links":{"self":[{"href":"https:\/\/lafabrick.ch\/de\/wp-json\/wp\/v2\/pages\/147","targetHints":{"allow":["GET"]}}],"collection":[{"href":"https:\/\/lafabrick.ch\/de\/wp-json\/wp\/v2\/pages"}],"about":[{"href":"https:\/\/lafabrick.ch\/de\/wp-json\/wp\/v2\/types\/page"}],"author":[{"embeddable":true,"href":"https:\/\/lafabrick.ch\/de\/wp-json\/wp\/v2\/users\/1"}],"replies":[{"embeddable":true,"href":"https:\/\/lafabrick.ch\/de\/wp-json\/wp\/v2\/comments?post=147"}],"version-history":[{"count":4,"href":"https:\/\/lafabrick.ch\/de\/wp-json\/wp\/v2\/pages\/147\/revisions"}],"predecessor-version":[{"id":152,"href":"https:\/\/lafabrick.ch\/de\/wp-json\/wp\/v2\/pages\/147\/revisions\/152"}],"wp:featuredmedia":[{"embeddable":true,"href":"https:\/\/lafabrick.ch\/de\/wp-json\/wp\/v2\/media\/149"}],"wp:attachment":[{"href":"https:\/\/lafabrick.ch\/de\/wp-json\/wp\/v2\/media?parent=147"}],"curies":[{"name":"wp","href":"https:\/\/api.w.org\/{rel}","templated":true}]}}